{"id":111,"date":"2019-09-16T17:18:04","date_gmt":"2019-09-16T15:18:04","guid":{"rendered":"https:\/\/www.biodanzabai.com\/?page_id=111"},"modified":"2025-12-22T18:32:55","modified_gmt":"2025-12-22T17:32:55","slug":"grupos-especificos-proyectos-y-formaciones","status":"publish","type":"page","link":"https:\/\/www.biodanzabai.com\/eu\/grupos-especificos-proyectos-y-formaciones\/","title":{"rendered":"Berariazko taldeak, proiektuak eta Formazioak"},"content":{"rendered":"<h3>3\u00ba ADINA TALDE ERREGULARRA<\/h3>\n<ul>\n<li>Zigoitiko nekazal eguneko CRD zentroko erabiltzaileei zuzendua.<br \/>\nHerria: Ondategi(Araba)<br \/>\nEguna eta ordua: asteazkena 12h - 13h30<br \/>\nBideratzailea: Aurkene Garcia de Albeni<\/li>\n<li>Lunes y Mi\u00e9rcoles en Vitoria-Gasteiz grupo regular espec\u00edfico para mayoers de 65 a\u00f1os 679495836<\/li>\n<li>Viernes de 11h a 12:30h, Polideportivo Arriaga Habiba El Amrani Inscripciones a trav\u00e9s del los centros c\u00edvicos. 686580521 Grupo espec\u00edfico: Mayores de 60a\u00f1os<\/li>\n<\/ul>\n<h3>FORMAZIO ESPEZIFIKOAK<\/h3>\n<p>EAEko SRT biodanzaren Lanbide Heziketako Eskola Ofizialak 2020an hasiko den dinamizatzaileen prestakuntzaz gain, prestakuntza zabala eskaintzen du:<\/p>\n<p><strong>Berariazko formazioak:<\/strong><\/p>\n<ul>\n<li>Etengabeko formazioa<\/li>\n<li>Biodanza aplikazioan espezializatua haur eta nerabeentzako.<\/li>\n<li>Hedapena Uretako Biodantzan.<\/li>\n<li>Espezializazioa biodantza eta Gizarte Ekintzetan<\/li>\n<li>Biodanzaren hedapena naturan<\/li>\n<\/ul>\n<p><strong>Mintegiak :<\/strong><\/p>\n<ul>\n<li>Minotauro Proiektua<\/li>\n<li>Biodanza eta Osasuna<\/li>\n<li>Biodanza eta neochamanismoa (Kondorra eta Arranoa)<\/li>\n<li>Lau Elementu.<\/li>\n<\/ul>\n<p><strong>Beste firmazioak:<\/strong><\/p>\n<ul>\n<li>Heziketa Biozentrikoa 2020an hasita<\/li>\n<li>2020an hasitako Hezkuntza Biozentrikoaren eta Biodantzaren Prestakuntza<\/li>\n<\/ul>\n<p>Kontsultatu egutegiko informazio gehiago aurkituko duzun webgunea.<br \/>\n<a href=\"http:\/\/www.biodanzaescuelaoficial.com\">www.biodanzaescuelaoficial.com<\/a><\/p>","protected":false},"excerpt":{"rendered":"<p>GRUPO REGULAR 3\u00b0EDAD Dirigido a usuari@s del centro rural diurno CRD de Zigoitia. Localidad: Ondategi(Araba) D\u00eda y hora: mi\u00e9rcoles de 12h a 13h30 Facilitadora: Aurkene Garcia de Albeniz Lunes y Mi\u00e9rcoles en Vitoria-Gasteiz grupo regular espec\u00edfico para mayoers de 65 a\u00f1os 679495836 Viernes de 11h a 12:30h, Polideportivo Arriaga Habiba El Amrani Inscripciones a trav\u00e9s [&hellip;]<\/p>\n","protected":false},"author":4,"featured_media":0,"parent":0,"menu_order":0,"comment_status":"closed","ping_status":"closed","template":"","meta":{"footnotes":""},"class_list":["post-111","page","type-page","status-publish","hentry"],"_links":{"self":[{"href":"https:\/\/www.biodanzabai.com\/eu\/wp-json\/wp\/v2\/pages\/111","targetHints":{"allow":["GET"]}}],"collection":[{"href":"https:\/\/www.biodanzabai.com\/eu\/wp-json\/wp\/v2\/pages"}],"about":[{"href":"https:\/\/www.biodanzabai.com\/eu\/wp-json\/wp\/v2\/types\/page"}],"author":[{"embeddable":true,"href":"https:\/\/www.biodanzabai.com\/eu\/wp-json\/wp\/v2\/users\/4"}],"replies":[{"embeddable":true,"href":"https:\/\/www.biodanzabai.com\/eu\/wp-json\/wp\/v2\/comments?post=111"}],"version-history":[{"count":5,"href":"https:\/\/www.biodanzabai.com\/eu\/wp-json\/wp\/v2\/pages\/111\/revisions"}],"predecessor-version":[{"id":636,"href":"https:\/\/www.biodanzabai.com\/eu\/wp-json\/wp\/v2\/pages\/111\/revisions\/636"}],"wp:attachment":[{"href":"https:\/\/www.biodanzabai.com\/eu\/wp-json\/wp\/v2\/media?parent=111"}],"curies":[{"name":"wp","href":"https:\/\/api.w.org\/{rel}","templated":true}]}}