{"id":13,"date":"2019-09-06T10:34:51","date_gmt":"2019-09-06T08:34:51","guid":{"rendered":"https:\/\/www.biodanzabai.com\/?page_id=13"},"modified":"2026-03-11T07:07:42","modified_gmt":"2026-03-11T06:07:42","slug":"home","status":"publish","type":"page","link":"https:\/\/www.biodanzabai.com\/eu\/","title":{"rendered":"Home"},"content":{"rendered":"<div class=\"wpb-content-wrapper\"><div class=\"vc_row wpb_row vc_row-fluid\"><div class=\"wpb_column vc_column_container vc_col-sm-12\"><div class=\"vc_column-inner\"><div class=\"wpb_wrapper\">\n\t<div class=\"wpb_text_column wpb_content_element\" >\n\t\t<div class=\"wpb_wrapper\">\n\t\t\t<h2>Euskal Herriko Biodantzaren  elkarte mugimendua<\/h2>\n<p><strong>Ongi etorri Biodantza Bai elkartearen txokora<\/strong>, Rolando Tororen sistema jarraiten dugun biodantza-bideratzaile talde batek sortutako elkartea da Biodantza Bai, eta erreferentziazko gune bat da Euskal Herriko elkarteen artean. Elkartearen ateak ireki nahi ditugu eta gure helburuak azaldu, gurekin bat egin dezazuen. <strong><a href=\"https:\/\/www.biodanzabai.com\/eu\/la-asociacion-y-sus-fines\/\">Gehiago ikusi<\/a><\/strong><\/p>\n\n\t\t<\/div>\n\t<\/div>\n<\/div><\/div><\/div><\/div><div class=\"vc_row wpb_row vc_row-fluid\"><div class=\"wpb_column vc_column_container vc_col-sm-12\"><div class=\"vc_column-inner\"><div class=\"wpb_wrapper\">\n\t<div class=\"wpb_text_column wpb_content_element\" >\n\t\t<div class=\"wpb_wrapper\">\n\t\t\t<h3 style=\"text-align: center;\"><strong><span style=\"color: #993366;\"><a href=\"https:\/\/www.biodanzabai.com\/eu\/la-asociacion-y-sus-fines\/\"><img loading=\"lazy\" decoding=\"async\" class=\"aligncenter wp-image-293 size-full\" src=\"https:\/\/www.biodanzabai.com\/wp-content\/uploads\/2023\/03\/invitamos-asociarte.jpg\" alt=\"\" width=\"600\" height=\"450\" srcset=\"https:\/\/www.biodanzabai.com\/wp-content\/uploads\/2023\/03\/invitamos-asociarte-300x225@2x.jpg 600w, https:\/\/www.biodanzabai.com\/wp-content\/uploads\/2023\/03\/invitamos-asociarte-300x225.jpg 300w, https:\/\/www.biodanzabai.com\/wp-content\/uploads\/2023\/03\/invitamos-asociarte-16x12.jpg 16w\" sizes=\"auto, (max-width: 600px) 100vw, 600px\" \/><\/a><\/span><\/strong><\/h3>\n<h3 style=\"text-align: center;\"><strong><span style=\"color: #993366;\"><a style=\"color: #993366;\" href=\"https:\/\/www.biodanzabai.com\/eu\/la-asociacion-y-sus-fines\/\">Eman izena orain!!! Informazioa eskatu<\/a><\/span><\/strong><\/h3>\n\n\t\t<\/div>\n\t<\/div>\n\n\t<div class=\"wpb_text_column wpb_content_element\" >\n\t\t<div class=\"wpb_wrapper\">\n\t\t\t<h3 style=\"text-align: center;\"><strong><span style=\"color: #993366;\"><a href=\"https:\/\/www.biodanzabai.com\/eu\/dia-mundial-de-la-biodanza-2026\/\"><img loading=\"lazy\" decoding=\"async\" class=\"alignnone wp-image-668 size-full\" src=\"https:\/\/www.biodanzabai.com\/wp-content\/uploads\/2026\/03\/dia-mundial-biodanza-2026.jpg\" alt=\"\" width=\"550\" height=\"550\" srcset=\"https:\/\/www.biodanzabai.com\/wp-content\/uploads\/2026\/03\/dia-mundial-biodanza-2026.jpg 550w, https:\/\/www.biodanzabai.com\/wp-content\/uploads\/2026\/03\/dia-mundial-biodanza-2026-150x150@2x.jpg 300w, https:\/\/www.biodanzabai.com\/wp-content\/uploads\/2026\/03\/dia-mundial-biodanza-2026-150x150.jpg 150w, https:\/\/www.biodanzabai.com\/wp-content\/uploads\/2026\/03\/dia-mundial-biodanza-2026-12x12.jpg 12w\" sizes=\"auto, (max-width: 550px) 100vw, 550px\" \/><\/a><\/span><\/strong><\/h3>\n<h3 style=\"text-align: center;\"><strong><span style=\"color: #993366;\"><a style=\"color: #993366;\" href=\"https:\/\/www.biodanzabai.com\/eu\/dia-mundial-de-la-biodanza-2026\/\">Egin klik hemen informazio gehiago lortzeko eta LEKUAK ERRESERBATZEKO<\/a><\/span><\/strong><\/h3>\n\n\t\t<\/div>\n\t<\/div>\n<\/div><\/div><\/div><\/div><div class=\"vc_row wpb_row vc_row-fluid\"><div class=\"wpb_column vc_column_container vc_col-sm-12\"><div class=\"vc_column-inner\"><div class=\"wpb_wrapper\">\n\t<div class=\"wpb_text_column wpb_content_element\" >\n\t\t<div class=\"wpb_wrapper\">\n\t\t\t<div class=\"alterna-sc-title left\"><div class=\"row\"><div class=\"col-md-12\"><div class=\"alterna-sc-title-container\"><h3 class=\"alterna-sc-entry-title\"><span class=\"alterna-sc-title-icon purple\"><i class=\"fa fa-child\"><\/i><\/span>BIODANZA BAI<\/h3><div class=\"alterna-sc-title-line\"><\/div><\/div><\/div><\/div><\/div><br \/>\n<div class=\"row\"><\/div>\n\n\t\t<\/div>\n\t<\/div>\n<\/div><\/div><\/div><\/div><div class=\"vc_row wpb_row vc_row-fluid\"><div class=\"wpb_column vc_column_container vc_col-sm-4\"><div class=\"vc_column-inner\"><div class=\"wpb_wrapper\">\n\t<div class=\"wpb_text_column wpb_content_element\" >\n\t\t<div class=\"wpb_wrapper\">\n\t\t\t<p><a href=\"https:\/\/www.biodanzabai.com\/eu\/que-es-biodanza\/\"><img loading=\"lazy\" decoding=\"async\" class=\"aligncenter wp-image-88 size-full\" src=\"https:\/\/www.biodanzabai.com\/wp-content\/uploads\/2019\/09\/queesbiodanzaportada.jpg\" alt=\"\" width=\"360\" height=\"200\" srcset=\"https:\/\/www.biodanzabai.com\/wp-content\/uploads\/2019\/09\/queesbiodanzaportada.jpg 360w, https:\/\/www.biodanzabai.com\/wp-content\/uploads\/2019\/09\/queesbiodanzaportada-300x167.jpg 300w\" sizes=\"auto, (max-width: 360px) 100vw, 360px\" \/><\/a><\/p>\n<h3><a href=\"https:\/\/www.biodanzabai.com\/eu\/que-es-biodanza\/\"><strong>Zer da Biodanza<\/strong><\/a><\/h3>\n<p>&nbsp;<\/p>\n<p>Pertsonen integraziorako sistema bat da biodantza, eraberritze organiko bat, berreziketa afektibo bat, bizitzaren jatorrizko funtzioak berrikastea, prozesu integratiboak maila guztietan azkartzea (maila molekularrean, zelularrean, metabolikoan, neurologikoan eta existentzialean). Hori guztia errazteko egiten duguna da taldearen ingurunea ekofaktore unibertsal humanoekin aberastea.<\/p>\n\n\t\t<\/div>\n\t<\/div>\n<\/div><\/div><\/div><div class=\"wpb_column vc_column_container vc_col-sm-4\"><div class=\"vc_column-inner\"><div class=\"wpb_wrapper\">\n\t<div class=\"wpb_text_column wpb_content_element\" >\n\t\t<div class=\"wpb_wrapper\">\n\t\t\t<p><a href=\"https:\/\/www.biodanzabai.com\/eu\/que-es-biodanza\/\"><img loading=\"lazy\" decoding=\"async\" class=\"aligncenter size-full wp-image-89\" src=\"https:\/\/www.biodanzabai.com\/wp-content\/uploads\/2019\/09\/beneficiosbiodanza.jpg\" alt=\"\" width=\"360\" height=\"200\" srcset=\"https:\/\/www.biodanzabai.com\/wp-content\/uploads\/2019\/09\/beneficiosbiodanza.jpg 360w, https:\/\/www.biodanzabai.com\/wp-content\/uploads\/2019\/09\/beneficiosbiodanza-300x167.jpg 300w\" sizes=\"auto, (max-width: 360px) 100vw, 360px\" \/><\/a><\/p>\n<h3><a href=\"https:\/\/www.biodanzabai.com\/eu\/que-es-biodanza\/\"><strong>Onurak<\/strong><\/a><\/h3>\n<p>&nbsp;<\/p>\n<p>Biodantzak emozioak eta mugimendua uztartzen ditu, talde-lanean, bide teraupeutiko berriak zabaltzeko: profilaxia, integrazio psikofisikoa, afektibitea hezitzea eta errehabilitazio existentziala.<br \/>\nHorrek guztiak ongizate sentsazio sakonak sortzen ditu.<\/p>\n\n\t\t<\/div>\n\t<\/div>\n<\/div><\/div><\/div><div class=\"wpb_column vc_column_container vc_col-sm-4\"><div class=\"vc_column-inner\"><div class=\"wpb_wrapper\">\n\t<div class=\"wpb_text_column wpb_content_element\" >\n\t\t<div class=\"wpb_wrapper\">\n\t\t\t<p><img loading=\"lazy\" decoding=\"async\" class=\"aligncenter size-full wp-image-90\" src=\"https:\/\/www.biodanzabai.com\/wp-content\/uploads\/2019\/09\/dondepracticarla.jpg\" alt=\"\" width=\"360\" height=\"200\" srcset=\"https:\/\/www.biodanzabai.com\/wp-content\/uploads\/2019\/09\/dondepracticarla.jpg 360w, https:\/\/www.biodanzabai.com\/wp-content\/uploads\/2019\/09\/dondepracticarla-300x167.jpg 300w\" sizes=\"auto, (max-width: 360px) 100vw, 360px\" \/><\/p>\n<h3><a href=\"https:\/\/www.biodanzabai.com\/eu\/grupos-semanales-del-pais-vasco\/\"><strong>Non jardun?<\/strong><\/a><\/h3>\n<p>&nbsp;<\/p>\n<p>Astean behin biltzen den talde batean parte hartzea da biderik onena Bizipoza eta Bizindarra berreskuratzeko. Talde egonkorrak ditugu  Arrasaten, Gasteizen, Elorrion, Bergaran, Zarautzen...<\/p>\n<p><a href=\"https:\/\/www.biodanzabai.com\/eu\/grupos-semanales-del-pais-vasco\/\"><strong>ikusi informazioa eta IZENA EMAN<\/strong><\/a><\/p>\n\n\t\t<\/div>\n\t<\/div>\n<\/div><\/div><\/div><\/div><div class=\"vc_row wpb_row vc_row-fluid\"><div class=\"wpb_column vc_column_container vc_col-sm-12\"><div class=\"vc_column-inner\"><div class=\"wpb_wrapper\">\n\t<div class=\"wpb_text_column wpb_content_element\" >\n\t\t<div class=\"wpb_wrapper\">\n\t\t\t<div class=\"alterna-sc-title left\"><div class=\"row\"><div class=\"col-md-12\"><div class=\"alterna-sc-title-container\"><h3 class=\"alterna-sc-entry-title\"><span class=\"alterna-sc-title-icon purple\"><i class=\"fa fa-book\"><\/i><\/span>WEBGUNE LAGUNAK<\/h3><div class=\"alterna-sc-title-line\"><\/div><\/div><\/div><\/div><\/div>\n<p style=\"text-align: center;\"><a href=\"https:\/\/www.escuelasdebiodanza.es\/\" target=\"_blank\" rel=\"noopener noreferrer\"><img loading=\"lazy\" decoding=\"async\" class=\"wp-image-119 alignleft\" src=\"https:\/\/www.biodanzabai.com\/wp-content\/uploads\/2019\/09\/aebe.png\" alt=\"\" width=\"100\" height=\"71\" \/><\/a> <a href=\"https:\/\/www.biodanza.org\/\" target=\"_blank\" rel=\"noopener\"><img loading=\"lazy\" decoding=\"async\" class=\"wp-image-335 alignleft\" src=\"https:\/\/www.biodanzabai.com\/wp-content\/uploads\/2023\/06\/logoibf.jpg\" alt=\"\" width=\"272\" height=\"81\" \/><\/a> <a href=\"https:\/\/www.biodanzaya.com\/\" target=\"_blank\" rel=\"noopener\"><img loading=\"lazy\" decoding=\"async\" class=\"wp-image-337 alignleft\" src=\"https:\/\/www.biodanzabai.com\/wp-content\/uploads\/2023\/06\/biodanzaya.jpg\" alt=\"\" width=\"88\" height=\"77\" \/><\/a><a href=\"https:\/\/www.biodanzaescuelaoficial.com\/\" target=\"_blank\" rel=\"noopener\"><img loading=\"lazy\" decoding=\"async\" class=\"alignleft wp-image-354 size-full\" src=\"https:\/\/www.biodanzabai.com\/wp-content\/uploads\/2023\/06\/logoescuelabiodanza.jpg\" alt=\"\" width=\"85\" height=\"85\" srcset=\"https:\/\/www.biodanzabai.com\/wp-content\/uploads\/2023\/06\/logoescuelabiodanza.jpg 85w, https:\/\/www.biodanzabai.com\/wp-content\/uploads\/2023\/06\/logoescuelabiodanza-12x12.jpg 12w\" sizes=\"auto, (max-width: 85px) 100vw, 85px\" \/><\/a><a href=\"http:\/\/biodanzadonostia.com\/\" target=\"_blank\" rel=\"noopener\"><img loading=\"lazy\" decoding=\"async\" class=\"alignleft wp-image-355 size-full\" src=\"https:\/\/www.biodanzabai.com\/wp-content\/uploads\/2023\/06\/logobiodanzadonosti.jpg\" alt=\"\" width=\"85\" height=\"85\" srcset=\"https:\/\/www.biodanzabai.com\/wp-content\/uploads\/2023\/06\/logobiodanzadonosti.jpg 85w, https:\/\/www.biodanzabai.com\/wp-content\/uploads\/2023\/06\/logobiodanzadonosti-12x12.jpg 12w\" sizes=\"auto, (max-width: 85px) 100vw, 85px\" \/><\/a><\/p>\n\n\t\t<\/div>\n\t<\/div>\n<\/div><\/div><\/div><\/div>\n<\/div>","protected":false},"excerpt":{"rendered":"Movimiento Asociativo de Biodanza del Pa\u00eds Vasco Bienvenid@ a Biodantza Bai Elkartea, un punto de referencia en el campo asociativo del Pa\u00eds Vasco, creada por facilitadores de biodanza sistema Rolando Toro motivados por el trabajo en red y difusi\u00f3n de la biodanza. Queremos abrir las puertas de la asociaci\u00f3n y presentaros cuales son nuestros fines [...]","protected":false},"author":4,"featured_media":0,"parent":0,"menu_order":0,"comment_status":"closed","ping_status":"closed","template":"","meta":{"footnotes":""},"class_list":["post-13","page","type-page","status-publish","hentry"],"_links":{"self":[{"href":"https:\/\/www.biodanzabai.com\/eu\/wp-json\/wp\/v2\/pages\/13","targetHints":{"allow":["GET"]}}],"collection":[{"href":"https:\/\/www.biodanzabai.com\/eu\/wp-json\/wp\/v2\/pages"}],"about":[{"href":"https:\/\/www.biodanzabai.com\/eu\/wp-json\/wp\/v2\/types\/page"}],"author":[{"embeddable":true,"href":"https:\/\/www.biodanzabai.com\/eu\/wp-json\/wp\/v2\/users\/4"}],"replies":[{"embeddable":true,"href":"https:\/\/www.biodanzabai.com\/eu\/wp-json\/wp\/v2\/comments?post=13"}],"version-history":[{"count":131,"href":"https:\/\/www.biodanzabai.com\/eu\/wp-json\/wp\/v2\/pages\/13\/revisions"}],"predecessor-version":[{"id":669,"href":"https:\/\/www.biodanzabai.com\/eu\/wp-json\/wp\/v2\/pages\/13\/revisions\/669"}],"wp:attachment":[{"href":"https:\/\/www.biodanzabai.com\/eu\/wp-json\/wp\/v2\/media?parent=13"}],"curies":[{"name":"wp","href":"https:\/\/api.w.org\/{rel}","templated":true}]}}