{"id":20,"date":"2019-09-08T18:05:34","date_gmt":"2019-09-08T16:05:34","guid":{"rendered":"https:\/\/www.biodanzabai.com\/?page_id=20"},"modified":"2022-02-23T15:56:05","modified_gmt":"2022-02-23T14:56:05","slug":"la-asociacion-y-sus-fines","status":"publish","type":"page","link":"https:\/\/www.biodanzabai.com\/eu\/la-asociacion-y-sus-fines\/","title":{"rendered":"Elkartea eta helburuak"},"content":{"rendered":"<p style=\"text-align: center;\"><a  class=\"btn float-btn  purple\" href=\"https:\/\/www.biodanzabai.com\/eu\/contacto\/\" target=\"_self\" ><span><i class=\"fa fa-star\"><\/i><\/span>ZAKATU HEMEN izena emateko<\/a>\n<p class=\"translation-block\"><strong>Biodantzabai<\/strong> Rolando Tororen sistema jarraitzen dugun biodantza-bideratzaile talde batek sortutako elkartea da Biodantza Bai. Sarean lan egin nahi dugu eta biodantza zabaldu. Elkartearen ateak ireki nahi ditugu eta gure helburuak azaldu, gurekin bat egin dezazuen:<\/p>\n<ul>\n<li class=\"translation-block\"><strong>Rolando Tororen Biodantza<\/strong> sistema ezagutzera ematea.<\/li>\n<li class=\"translation-block\">Biodanzarekin bat egiten duzuenontzat <strong>jarduerak<\/strong> bultzatzea.<\/li>\n<li class=\"translation-block\">Biodantzaren profesionalen eta bideratzaileen <strong>garapenerako plataforma<\/strong> bat izatea.<\/li>\n<li class=\"translation-block\">Elkartearentzat interesgarriak diren beste erakunde eta entitateekin <strong>komunikazioa eta elkarlana bideratzea<\/strong>.<\/li>\n<li class=\"translation-block\"><strong>Biodantza euskaraz<\/strong> ematea eta horretarako behar diren tresnak prestatzea.<\/li>\n<li class=\"translation-block\"><strong>Hezkuntza biozentrikoa<\/strong> hainbat arlotan integratzea, hala nola, hezkuntza arloan, arlo enpresarialean, sozialean, kulturalean, kirolean, osasungintzan, profesionalen taldeetan, osasunaren prebentzioan, emakume taldeetan, hirugarren adinekoen artean, immigranteen artean, haurtzaroan, ezgaitasunik duten pertsonen artean, menpekotasunik dutenen artean, baztertuen artean, eta oro har, herritar guztien artean.<img class=\"aligncenter wp-image-26 size-full\" src=\"https:\/\/www.biodanzabai.com\/wp-content\/uploads\/2019\/09\/asociacion-y-sus-fines.jpg\" alt=\"\" width=\"1200\" height=\"422\"><\/strong><\/li>\n<\/ul>\n<h3>Bazkide egitera gonbidatzen zaitugu 2022 hontan:<\/h3>\n<p>Biodantza-lagun edo profesional modura<br \/>\nBiodantza-lagunendako urteko kuota: 40\u20ac<br \/>\nProfesionalendako urteko kuota: 70\u20ac<\/p>\n<h3>BAZKIDEEI ZER ESKAINTZEN DIEGU?<\/h3>\n<ul>\n<li class=\"translation-block\">Erantzunkizun zibileko <strong>asegurua<\/strong> (bideratzaile zein ikasleendako estaldurarekin).<\/li>\n<li class=\"translation-block\">Elkarteak antolatzen dituen <strong>tailer eta ekintzetan dohako partaidetza.<\/strong><\/li>\n<li>Euskal Herriko Biodantzaren informazioa (talde erregularrak, tailerrak, monografiak, bideoak, liburuak, etb.) eguneratuta dituzten Web Orrialde eta sare sozialak.<\/li>\n<li class=\"translation-block\">Biodantzako proiektuetarako <strong>babes-erakundea<\/strong> bazkide guztientzat.<\/li>\n<li class=\"translation-block\">Nahi izan ezkero, batzordeetan zure lanarekin <strong>laguntzeko<\/strong> espazioa<\/li>\n<\/ul>","protected":false},"excerpt":{"rendered":"<p>Biodantzabai es una asociaci\u00f3n creada por facilitadores de biodanza sistema Rolando Toro motivados por el trabajo en red y difusi\u00f3n de la biodanza. Queremos abrir las puertas de la asociaci\u00f3n y presentaros cuales son nuestros fines para que pod\u00e1is resonar junto a nosotras y nosotros: Dar a conocer el sistema de Biodanza Rolando Toro. Promover [&hellip;]<\/p>\n","protected":false},"author":4,"featured_media":0,"parent":0,"menu_order":0,"comment_status":"closed","ping_status":"closed","template":"","meta":{"footnotes":""},"class_list":["post-20","page","type-page","status-publish","hentry"],"_links":{"self":[{"href":"https:\/\/www.biodanzabai.com\/eu\/wp-json\/wp\/v2\/pages\/20","targetHints":{"allow":["GET"]}}],"collection":[{"href":"https:\/\/www.biodanzabai.com\/eu\/wp-json\/wp\/v2\/pages"}],"about":[{"href":"https:\/\/www.biodanzabai.com\/eu\/wp-json\/wp\/v2\/types\/page"}],"author":[{"embeddable":true,"href":"https:\/\/www.biodanzabai.com\/eu\/wp-json\/wp\/v2\/users\/4"}],"replies":[{"embeddable":true,"href":"https:\/\/www.biodanzabai.com\/eu\/wp-json\/wp\/v2\/comments?post=20"}],"version-history":[{"count":9,"href":"https:\/\/www.biodanzabai.com\/eu\/wp-json\/wp\/v2\/pages\/20\/revisions"}],"predecessor-version":[{"id":235,"href":"https:\/\/www.biodanzabai.com\/eu\/wp-json\/wp\/v2\/pages\/20\/revisions\/235"}],"wp:attachment":[{"href":"https:\/\/www.biodanzabai.com\/eu\/wp-json\/wp\/v2\/media?parent=20"}],"curies":[{"name":"wp","href":"https:\/\/api.w.org\/{rel}","templated":true}]}}