{"id":297,"date":"2023-03-30T08:19:19","date_gmt":"2023-03-30T06:19:19","guid":{"rendered":"https:\/\/www.biodanzabai.com\/?page_id=297"},"modified":"2024-03-26T20:22:26","modified_gmt":"2024-03-26T19:22:26","slug":"celebrando-el-dia-mundial-de-la-biodanza-en-el-pais-vasco","status":"publish","type":"page","link":"https:\/\/www.biodanzabai.com\/eu\/celebrando-el-dia-mundial-de-la-biodanza-en-el-pais-vasco\/","title":{"rendered":"Mundu mailako Biodantza eguna ospatuz Euskal Herrian"},"content":{"rendered":"<p style=\"text-align: center;\"><strong><img loading=\"lazy\" decoding=\"async\" class=\"aligncenter size-full wp-image-312\" src=\"https:\/\/www.biodanzabai.com\/wp-content\/uploads\/2023\/03\/dia-mundial-biodanza-eu.jpg\" alt=\"\" width=\"601\" height=\"280\" srcset=\"https:\/\/www.biodanzabai.com\/wp-content\/uploads\/2023\/03\/dia-mundial-biodanza-eu.jpg 601w, https:\/\/www.biodanzabai.com\/wp-content\/uploads\/2023\/03\/dia-mundial-biodanza-eu-300x140.jpg 300w, https:\/\/www.biodanzabai.com\/wp-content\/uploads\/2023\/03\/dia-mundial-biodanza-eu-18x8.jpg 18w, https:\/\/www.biodanzabai.com\/wp-content\/uploads\/2023\/03\/dia-mundial-biodanza-eu-300x140@2x.jpg 600w\" sizes=\"auto, (max-width: 601px) 100vw, 601px\" \/><br \/>\n<\/strong><\/p>\n<p style=\"text-align: center;\"><a  class=\"btn float-btn  purple\" href=\"https:\/\/www.biodanzabai.com\/eu\/celebrando-el-dia-mundial-de-la-biodanza-en-el-pais-vasco-2024\/\" target=\"_self\" ><span><i class=\"fa fa-star\"><\/i><\/span><strong>EVENTO PASADO, PARA VER INFORMACI\u00d3N DE ESTE A\u00d1O 2024 PINCHA AQU\u00cd<\/strong><\/a>\n<p><strong><strong><br \/>\n<\/strong><\/strong><strong>ZATOZ BIBENTZIATU ETA PARTEKATZERA!<\/strong><\/p>\n<ul>\n<li>Apirilaren 23a Igandea, 11etatik 18etara (Ongietorria eta bibentzia zirkulua, bazkaria eta itxiera bibentzia alai eta organikoa, Euskal Herriko Naturaz Beteriko inguru baten).<\/li>\n<\/ul>\n<p><strong>Euskal Herriko Elkarte arloan erreferentzia den Biodantza Bai elkarteko bidelagunek eskeinitako Bibentziak. <\/strong>referencia en el campo asociativo del Pa\u00eds Vasco.<\/p>\n<p><strong>Tokia:<\/strong> Casa Palotti Bainuetxea \"Molinar-ko Termak\". Karrantza-Bizkaia (Euskal Herria).<\/p>\n<p><strong>Inbertsioa<\/strong>: 30\u20ac pertsonako bi bibentziak eta Menua\/bazkaria barne (aukeratu Menu-a Izen-emate Orrian). GARRANTZITSUA: Zure erreserba 30\u20acko banku transferentzia bitartez bakarrik izango da eraginkorra (bankuko datuak Izen-emate Orrian aurkituko dituzu). <strong>GARRANTZITSUA:<\/strong> T\u00fa RESERVA se har\u00e1 efectiva, \u00fanicamente mediante la transferencia bancaria de 30\u20ac (los datos bancarios los encontrar\u00e1s en el Formulario de Inscripci\u00f3n)<\/p>\n<p><strong>Nola heldu: <\/strong><span style=\"color: #800080;\"><a style=\"color: #800080;\" href=\"https:\/\/www.google.es\/search?q=balneario+casa+pallotti+como+llegar&amp;sxsrf=APwXEddupWR0EsXTPJ3WdFGeOiQhJWK0Jg%3A1680008219265&amp;source=hp&amp;ei=G-QiZNzLDfutkdUPg7mvgAI&amp;iflsig=AOEireoAAAAAZCLyK17FSqjUw_U2N6Xa1nNi_dU8r3Li&amp;oq=Balneario+Casa+Pallotti&amp;gs_lcp=Cgdnd3Mtd2l6EAEYAzILCC4QrwEQxwEQgAQyBQgAEIAEMgUIABCABDIFCAAQgAQyBQgAEIAEUABYAGCqRmgAcAB4AIABaogBapIBAzAuMZgBAKABAqABAQ&amp;sclient=gws-wiz\" target=\"_blank\" rel=\"noopener\">balneario casa palotti nola heldu- Google-ekin bilatu<\/a><\/span><\/p>\n<p><strong>Egun hontan Biodantzaren topaketa enblematiko baten aurkitzen gara, BIZITZAREN Ospakizuna.<\/strong><\/p>\n<p><img loading=\"lazy\" decoding=\"async\" class=\"aligncenter size-full wp-image-299\" src=\"https:\/\/www.biodanzabai.com\/wp-content\/uploads\/2023\/03\/dia-mundial-biodanza2.jpg\" alt=\"\" width=\"850\" height=\"402\" srcset=\"https:\/\/www.biodanzabai.com\/wp-content\/uploads\/2023\/03\/dia-mundial-biodanza2.jpg 850w, https:\/\/www.biodanzabai.com\/wp-content\/uploads\/2023\/03\/dia-mundial-biodanza2-300x142.jpg 300w, https:\/\/www.biodanzabai.com\/wp-content\/uploads\/2023\/03\/dia-mundial-biodanza2-18x9.jpg 18w, https:\/\/www.biodanzabai.com\/wp-content\/uploads\/2023\/03\/dia-mundial-biodanza2-750x355.jpg 750w, https:\/\/www.biodanzabai.com\/wp-content\/uploads\/2023\/03\/dia-mundial-biodanza2-300x142@2x.jpg 600w\" sizes=\"auto, (max-width: 850px) 100vw, 850px\" \/><\/p>\n<p style=\"text-align: center;\"><img loading=\"lazy\" decoding=\"async\" class=\"aligncenter wp-image-197 size-medium\" src=\"https:\/\/www.biodanzabai.com\/wp-content\/uploads\/2021\/10\/lobiodanzabai-300x225.jpg\" alt=\"\" width=\"300\" height=\"225\" srcset=\"https:\/\/www.biodanzabai.com\/wp-content\/uploads\/2021\/10\/lobiodanzabai-300x225.jpg 300w, https:\/\/www.biodanzabai.com\/wp-content\/uploads\/2021\/10\/lobiodanzabai-16x12.jpg 16w, https:\/\/www.biodanzabai.com\/wp-content\/uploads\/2021\/10\/lobiodanzabai-750x563.jpg 750w, https:\/\/www.biodanzabai.com\/wp-content\/uploads\/2021\/10\/lobiodanzabai.jpg 800w, https:\/\/www.biodanzabai.com\/wp-content\/uploads\/2021\/10\/lobiodanzabai-300x225@2x.jpg 600w\" sizes=\"auto, (max-width: 300px) 100vw, 300px\" \/><\/p>","protected":false},"excerpt":{"rendered":"<p>ACERCATE A VIVENCIAR Y COMPARTIR Domingo 23 de Abril de 11:00 a 18:00 hs (bienvenida y c\u00edrculo, vivencia, comida y vivencia de cierre alegre y org\u00e1nica en un entorno Pleno de Naturaleza del Pa\u00eds Vasco) Vivencias impartidas por las Facilitadoras\/es de la Asociaci\u00f3n BiodantzaBai Elkartea referencia en el campo asociativo del Pa\u00eds Vasco. Lugar: Balneario [&hellip;]<\/p>\n","protected":false},"author":4,"featured_media":0,"parent":0,"menu_order":0,"comment_status":"closed","ping_status":"closed","template":"","meta":{"footnotes":""},"class_list":["post-297","page","type-page","status-publish","hentry"],"_links":{"self":[{"href":"https:\/\/www.biodanzabai.com\/eu\/wp-json\/wp\/v2\/pages\/297","targetHints":{"allow":["GET"]}}],"collection":[{"href":"https:\/\/www.biodanzabai.com\/eu\/wp-json\/wp\/v2\/pages"}],"about":[{"href":"https:\/\/www.biodanzabai.com\/eu\/wp-json\/wp\/v2\/types\/page"}],"author":[{"embeddable":true,"href":"https:\/\/www.biodanzabai.com\/eu\/wp-json\/wp\/v2\/users\/4"}],"replies":[{"embeddable":true,"href":"https:\/\/www.biodanzabai.com\/eu\/wp-json\/wp\/v2\/comments?post=297"}],"version-history":[{"count":8,"href":"https:\/\/www.biodanzabai.com\/eu\/wp-json\/wp\/v2\/pages\/297\/revisions"}],"predecessor-version":[{"id":460,"href":"https:\/\/www.biodanzabai.com\/eu\/wp-json\/wp\/v2\/pages\/297\/revisions\/460"}],"wp:attachment":[{"href":"https:\/\/www.biodanzabai.com\/eu\/wp-json\/wp\/v2\/media?parent=297"}],"curies":[{"name":"wp","href":"https:\/\/api.w.org\/{rel}","templated":true}]}}