{"id":30,"date":"2019-09-08T18:20:54","date_gmt":"2019-09-08T16:20:54","guid":{"rendered":"https:\/\/www.biodanzabai.com\/?page_id=30"},"modified":"2019-10-30T07:05:49","modified_gmt":"2019-10-30T06:05:49","slug":"que-es-biodanza","status":"publish","type":"page","link":"https:\/\/www.biodanzabai.com\/eu\/que-es-biodanza\/","title":{"rendered":"Zer da Biodanza"},"content":{"rendered":"<p class=\"translation-block\"><strong>Pertsonen integraziorako sistema bat da biodantza<\/strong>: eraberritze organiko bat, berreziketa afektibo bat, bizitzaren jatorrizko funtzioak berrikastea. Dantzak, kantuak eta taldearen dinamikak eragiten dituzten bizipenetan oinarritzen da biodantzak.<\/p>\n<p class=\"translation-block\">Bai horixe. Bizipenak dira biodantzaren metodologia, eta bost multzotan sailkatzen dira, pertsonen ahalmenen arabera: <strong>bizi-indarra, sormena, sexualitatea, afektibitatea eta transzendentzia<\/strong>.<\/p>\n<h3><img loading=\"lazy\" decoding=\"async\" class=\"aligncenter size-full wp-image-35\" src=\"https:\/\/www.biodanzabai.com\/wp-content\/uploads\/2019\/09\/queesbiodanza.jpg\" alt=\"\" width=\"920\" height=\"292\" srcset=\"https:\/\/www.biodanzabai.com\/wp-content\/uploads\/2019\/09\/queesbiodanza.jpg 920w, https:\/\/www.biodanzabai.com\/wp-content\/uploads\/2019\/09\/queesbiodanza-300x95.jpg 300w, https:\/\/www.biodanzabai.com\/wp-content\/uploads\/2019\/09\/queesbiodanza-750x238.jpg 750w, https:\/\/www.biodanzabai.com\/wp-content\/uploads\/2019\/09\/queesbiodanza-300x95@2x.jpg 600w\" sizes=\"auto, (max-width: 920px) 100vw, 920px\" \/><br \/>\nHASIBERRIEN OHIKO GALDERAK<\/h3>\n<h4><strong>Zergatik egiten dugu Biodantza?<\/strong><\/h4>\n<p>Biodantzak proposatzen duen dantza gure barrutik sortzen den intimitatearen mugimendua da eta bizipen harmonizatzaile eta integratzaileak aktibatzen ditu.<\/p>\n<h4><strong>Nork egin dezake Biodantza?<\/strong><\/h4>\n<p>Ez du axola adina, sexua, baldintza fisikoak. Taldearen ezaugarrietara egokitu daitekeen sistema bat da, kolektiboaren arabera saioa desberdina izan daiteke.<\/p>\n<h4><strong>Nolakoa da Biodantza saio bat?<\/strong><\/h4>\n<p><strong>2 ordu irauten du, gutxi gorabehera.<\/strong><\/p>\n<ul>\n<li><strong>Lehen zatia (30'):<\/strong> hitz egiteko tartea\n<ol>\n<li>Biodantzaren alderdi teknikoak eta teorikoak,<\/li>\n<li>Esperientziak, espektatibak, bizipen pertsonalak.<\/li>\n<\/ol>\n<\/li>\n<li><strong>Bigarren zatia (1h 20'):<\/strong> Dantza eta ariketen bizipena, musika desberdinak erabilita.<\/li>\n<\/ul>\n<h4><strong>Zeintzuk dira Biodantzaren tresnak?<\/strong><\/h4>\n<p class=\"translation-block\"><u>Dantza<\/u> Biodantzako tresna da, zentzuz betetako mugimendua.\n<br>\n<u>Musika<\/u>, doinu organikoen bidez organismoan sartzeko gai da eta honek dantza estimulatzen du.<br>\n<u>Bizipena<\/u>, hemen eta orain intentsitate handiz bizitako momentua da.<br>\n<u>Taldea<\/u>, pertzepzioak eraldatzeko eta zabaltzeko prest dauden pertsonek osatzen dute.<\/p>\n<h4><strong>Zeintzuk dira Biodantzako saio baterako kontuan hartu beharrekoak?<\/strong><\/h4>\n<p class=\"translation-block\"><u>Ez dugu hitza erabiltzen<\/u> gorputzaren mugimendua sentitzeko eta burua edo pentsamenduen korrontea lasaitzeko<br>\n<u>Autorregulazioa<\/u>, gure barrua entzuten dugu proposatzen diren dantzen mugimenduetan gorputza ez behartzeko<br>\n<u>Progresibotasuna<\/u>, taldearen beharren arabera, bideratzaileak sakontasunean progresiboak diren dantzak proposatuko ditu.<br>\n<u>Bertaratzeko konpromisoari<\/u> esker, saio bakoitzeko pozak eta dibertsioak onurak ekarriko dizkigu etorkizunera begira.<\/p>\n<h4><strong>Zer bizipen-lerro garatzen ditu Biodantzak?<\/strong><\/h4>\n<p class=\"translation-block\"><u>Bizitasuna<\/u>, jarduera piztea pasibotasunaren eta depresioaren aurrean.<br>\n<u>Afektibitatea<\/u>, harremanak sustatzen ditu zaintza eta errespetuzko testuinguru batean, bakardadea eta indibidualismoa gaindituz. <br>\n<u>Sormena<\/u>, gure bizitzarako helburu, proiektu eta ekintza berriak sustatzea<br>\n<u>Sexualitatea<\/u>, une bakoitzean gure izatearen ongizatea sentitzearen plazerra estimulatzen du<br>\n<u>Transzendentzia<\/u>, gure barne-izaeraren kontzientzia izateko pausoa estimulatzen du<\/p>","protected":false},"excerpt":{"rendered":"<p>Biodanza es un sistema de integraci\u00f3n humana, re-educaci\u00f3n afectiva, renovaci\u00f3n org\u00e1nica, y re-aprendizaje de las funciones originarias de vida. Basada en vivencias inducidas por la danza, el canto y las situaciones de encuentro en grupo. La metodolog\u00eda de biodanza es la vivencia, clasificada en cinco conjuntos expresivos del potencial humano: vitalidad, creatividad, sexualidad, afectividad y [&hellip;]<\/p>\n","protected":false},"author":4,"featured_media":0,"parent":0,"menu_order":0,"comment_status":"closed","ping_status":"closed","template":"","meta":{"footnotes":""},"class_list":["post-30","page","type-page","status-publish","hentry"],"_links":{"self":[{"href":"https:\/\/www.biodanzabai.com\/eu\/wp-json\/wp\/v2\/pages\/30","targetHints":{"allow":["GET"]}}],"collection":[{"href":"https:\/\/www.biodanzabai.com\/eu\/wp-json\/wp\/v2\/pages"}],"about":[{"href":"https:\/\/www.biodanzabai.com\/eu\/wp-json\/wp\/v2\/types\/page"}],"author":[{"embeddable":true,"href":"https:\/\/www.biodanzabai.com\/eu\/wp-json\/wp\/v2\/users\/4"}],"replies":[{"embeddable":true,"href":"https:\/\/www.biodanzabai.com\/eu\/wp-json\/wp\/v2\/comments?post=30"}],"version-history":[{"count":6,"href":"https:\/\/www.biodanzabai.com\/eu\/wp-json\/wp\/v2\/pages\/30\/revisions"}],"predecessor-version":[{"id":143,"href":"https:\/\/www.biodanzabai.com\/eu\/wp-json\/wp\/v2\/pages\/30\/revisions\/143"}],"wp:attachment":[{"href":"https:\/\/www.biodanzabai.com\/eu\/wp-json\/wp\/v2\/media?parent=30"}],"curies":[{"name":"wp","href":"https:\/\/api.w.org\/{rel}","templated":true}]}}