{"id":304,"date":"2023-03-30T08:33:45","date_gmt":"2023-03-30T06:33:45","guid":{"rendered":"https:\/\/www.biodanzabai.com\/?page_id=304"},"modified":"2026-03-25T13:28:44","modified_gmt":"2026-03-25T12:28:44","slug":"formulario-de-inscripcion-y-reserva","status":"publish","type":"page","link":"https:\/\/www.biodanzabai.com\/eu\/formulario-de-inscripcion-y-reserva\/","title":{"rendered":"Izena emateko eta erreserba egiteko formularioa"},"content":{"rendered":"<h2>FORMULARIO DE INSCRIPCION D\u00cdA MUNDIAL DE LA BIODANZA 2026<\/h2>\n<p>\ud83d\udcc5 25 de abril de 2026<br \/>\n\ud83d\udccd San Ignacio de Loyola (Gipuzkoa)<br \/>\nOrganiza: Asociaci\u00f3n BiodanzaBai Elkartea<\/p>\n<p>Para participar en el D\u00eda Mundial de la Biodanza 2026 es necesario completar este formulario y realizar una <strong>transferencia bancaria de 40 \u20ac<\/strong>.La plaza quedar\u00e1 confirmada una vez recibido el pago. <strong>Este importe incluye las dos vivencias programadas m\u00e1s el Men\u00fa que debes indicar en el formulario, cu\u00e1l es el que prefieres.<\/strong><\/p>\n<p><strong>Forma de pago \u2013 Reserva mediante transferencia bancaria<\/strong><\/p>\n<p><strong>Titular:<\/strong> Asociaci\u00f3n BiodanzaBai Elkartea<br \/>\n<strong>Entidad:<\/strong> Laboral Kutxa<br \/>\n<strong>IBAN:<\/strong> <strong>ES44 3035 0012 75 0120104729<\/strong><br \/>\n<strong>Concepto:<\/strong> Nombre y Apellidos del PARTICIPANTE + <strong>DMB26<\/strong><\/p>\n<p><strong>Ejemplo: <\/strong>Javier Lopez DMB26<\/p>\n<p>Una vez realizada la transferencia, env\u00eda el comprobante al correo:<br \/>\n<a href=\"mailto:inscripciones.biodantzabai@gmail.com\">inscripciones.biodantzabai@gmail.com<\/a><\/p>\n<p>La inscripci\u00f3n se considerar\u00e1 confirmada cuando se haya recibido el importe en la cuenta bancaria.<\/p>\n\n<div class=\"wpcf7 no-js\" id=\"wpcf7-f303-o1\" lang=\"es-ES\" dir=\"ltr\" data-wpcf7-id=\"303\">\n<div class=\"screen-reader-response\"><p role=\"status\" aria-live=\"polite\" aria-atomic=\"true\"><\/p> <ul><\/ul><\/div>\n<form action=\"\/eu\/wp-json\/wp\/v2\/pages\/304#wpcf7-f303-o1\" method=\"post\" class=\"wpcf7-form init\" aria-label=\"Formulario de contacto\" novalidate=\"novalidate\" data-status=\"init\" data-trp-original-action=\"\/eu\/wp-json\/wp\/v2\/pages\/304#wpcf7-f303-o1\">\n<fieldset class=\"hidden-fields-container\"><input type=\"hidden\" name=\"_wpcf7\" value=\"303\" \/><input type=\"hidden\" name=\"_wpcf7_version\" value=\"6.1.5\" \/><input type=\"hidden\" name=\"_wpcf7_locale\" value=\"es_ES\" \/><input type=\"hidden\" name=\"_wpcf7_unit_tag\" value=\"wpcf7-f303-o1\" \/><input type=\"hidden\" name=\"_wpcf7_container_post\" value=\"0\" \/><input type=\"hidden\" name=\"_wpcf7_posted_data_hash\" value=\"\" \/><input type=\"hidden\" name=\"_wpcf7_recaptcha_response\" value=\"\" \/>\n<\/fieldset>\n<p><label> Izena (derrigorrezkoa)<br \/>\n<span class=\"wpcf7-form-control-wrap\" data-name=\"your-name\"><input size=\"40\" maxlength=\"400\" class=\"wpcf7-form-control wpcf7-text wpcf7-validates-as-required\" aria-required=\"true\" aria-invalid=\"false\" value=\"\" type=\"text\" name=\"your-name\" \/><\/span> <\/label>\n<\/p>\n<p><label> Abizenak (derrigorrezkoa)<br \/>\n<span class=\"wpcf7-form-control-wrap\" data-name=\"apellidos\"><input size=\"80\" maxlength=\"400\" class=\"wpcf7-form-control wpcf7-text wpcf7-validates-as-required\" aria-required=\"true\" aria-invalid=\"false\" value=\"\" type=\"text\" name=\"apellidos\" \/><\/span> <\/label>\n<\/p>\n<p><label> Localidad<br \/>\n<span class=\"wpcf7-form-control-wrap\" data-name=\"localidad\"><input size=\"60\" maxlength=\"400\" class=\"wpcf7-form-control wpcf7-text wpcf7-validates-as-required\" aria-required=\"true\" aria-invalid=\"false\" value=\"\" type=\"text\" name=\"localidad\" \/><\/span> <\/label>\n<\/p>\n<p><label> Mugikorra (derrigorrezkoa)<br \/>\n<span class=\"wpcf7-form-control-wrap\" data-name=\"tel-166\"><input size=\"20\" maxlength=\"400\" class=\"wpcf7-form-control wpcf7-tel wpcf7-validates-as-required wpcf7-text wpcf7-validates-as-tel\" aria-required=\"true\" aria-invalid=\"false\" value=\"\" type=\"tel\" name=\"tel-166\" \/><\/span> <\/label>\n<\/p>\n<p><label> Zure emaila (derrigorrezkoa)<br \/>\n<span class=\"wpcf7-form-control-wrap\" data-name=\"your-email\"><input size=\"40\" maxlength=\"400\" class=\"wpcf7-form-control wpcf7-email wpcf7-validates-as-required wpcf7-text wpcf7-validates-as-email\" aria-required=\"true\" aria-invalid=\"false\" value=\"\" type=\"email\" name=\"your-email\" \/><\/span> <\/label>\n<\/p>\n<p><b>Tienes experiencia previa en Biodanza<\/b><br \/>\n<span class=\"wpcf7-form-control-wrap\" data-name=\"experiencia\"><span class=\"wpcf7-form-control wpcf7-radio\"><span class=\"wpcf7-list-item first\"><label><input type=\"radio\" name=\"experiencia\" value=\"No\" checked=\"checked\" \/><span class=\"wpcf7-list-item-label\">Ez<\/span><\/label><\/span><span class=\"wpcf7-list-item last\"><label><input type=\"radio\" name=\"experiencia\" value=\"Si\" \/><span class=\"wpcf7-list-item-label\">Bai<\/span><\/label><\/span><\/span><\/span>\n<\/p>\n<p><b>Nos autorizas hacer fotos durante el evento:<\/b><br \/>\n<span class=\"wpcf7-form-control-wrap\" data-name=\"permisosfoto\"><span class=\"wpcf7-form-control wpcf7-radio\"><span class=\"wpcf7-list-item first\"><label><input type=\"radio\" name=\"permisosfoto\" value=\"No\" \/><span class=\"wpcf7-list-item-label\">Ez<\/span><\/label><\/span><span class=\"wpcf7-list-item last\"><label><input type=\"radio\" name=\"permisosfoto\" value=\"Si\" checked=\"checked\" \/><span class=\"wpcf7-list-item-label\">Bai<\/span><\/label><\/span><\/span><\/span>\n<\/p>\n<h3>Aukeratu MENUA:\n<\/h3>\n<p><b>Aukeratu menua<\/b><br \/>\n<span class=\"wpcf7-form-control-wrap\" data-name=\"platouno\"><span class=\"wpcf7-form-control wpcf7-radio\"><span class=\"wpcf7-list-item first\"><label><input type=\"radio\" name=\"platouno\" value=\"Men\u00fa general (Arroz con verduras, Pollo, Flan)\" checked=\"checked\" \/><span class=\"wpcf7-list-item-label\">Men\u00fa general (Arroz con verduras, Pollo, Flan)<\/span><\/label><\/span><span class=\"wpcf7-list-item last\"><label><input type=\"radio\" name=\"platouno\" value=\"Men\u00fa vegetariano (Arroz con verduras, Hamburguesa vegetal, Flan)\" \/><span class=\"wpcf7-list-item-label\">Men\u00fa vegetariano (Arroz con verduras, Hamburguesa vegetal, Flan)<\/span><\/label><\/span><\/span><\/span>\n<\/p>\n<p><span class=\"wpcf7-form-control-wrap\" data-name=\"Privacidad\"><span class=\"wpcf7-form-control wpcf7-acceptance\"><span class=\"wpcf7-list-item\"><label><input type=\"checkbox\" name=\"Privacidad\" value=\"1\" aria-invalid=\"false\" \/><span class=\"wpcf7-list-item-label\">Irakurri dut eta onartzen dut <a href=\"https:\/\/www.biodanzabai.com\/eu\/politica-de-privacidad\/\" rel=\"nofollow\"><u>Pribatutasun politika<\/u><\/a><\/span><\/label><\/span><\/span><\/span><br \/>\n<input class=\"wpcf7-form-control wpcf7-submit has-spinner\" type=\"submit\" value=\"Bidali\" \/>\n<\/p><div class=\"wpcf7-response-output\" aria-hidden=\"true\"><\/div>\n<input type=\"hidden\" name=\"trp-form-language\" value=\"eu\"\/><\/form>\n<\/div>","protected":false},"excerpt":{"rendered":"<p>FORMULARIO DE INSCRIPCION D\u00cdA MUNDIAL DE LA BIODANZA 2026 \ud83d\udcc5 25 de abril de 2026 \ud83d\udccd San Ignacio de Loyola (Gipuzkoa) Organiza: Asociaci\u00f3n BiodanzaBai Elkartea Para participar en el D\u00eda Mundial de la Biodanza 2026 es necesario completar este formulario y realizar una transferencia bancaria de 40 \u20ac.La plaza quedar\u00e1 confirmada una vez recibido el [&hellip;]<\/p>\n","protected":false},"author":4,"featured_media":0,"parent":0,"menu_order":0,"comment_status":"closed","ping_status":"closed","template":"page-contact.php","meta":{"footnotes":""},"class_list":["post-304","page","type-page","status-publish","hentry"],"_links":{"self":[{"href":"https:\/\/www.biodanzabai.com\/eu\/wp-json\/wp\/v2\/pages\/304","targetHints":{"allow":["GET"]}}],"collection":[{"href":"https:\/\/www.biodanzabai.com\/eu\/wp-json\/wp\/v2\/pages"}],"about":[{"href":"https:\/\/www.biodanzabai.com\/eu\/wp-json\/wp\/v2\/types\/page"}],"author":[{"embeddable":true,"href":"https:\/\/www.biodanzabai.com\/eu\/wp-json\/wp\/v2\/users\/4"}],"replies":[{"embeddable":true,"href":"https:\/\/www.biodanzabai.com\/eu\/wp-json\/wp\/v2\/comments?post=304"}],"version-history":[{"count":12,"href":"https:\/\/www.biodanzabai.com\/eu\/wp-json\/wp\/v2\/pages\/304\/revisions"}],"predecessor-version":[{"id":672,"href":"https:\/\/www.biodanzabai.com\/eu\/wp-json\/wp\/v2\/pages\/304\/revisions\/672"}],"wp:attachment":[{"href":"https:\/\/www.biodanzabai.com\/eu\/wp-json\/wp\/v2\/media?parent=304"}],"curies":[{"name":"wp","href":"https:\/\/api.w.org\/{rel}","templated":true}]}}