{"id":332,"date":"2023-06-08T11:54:25","date_gmt":"2023-06-08T09:54:25","guid":{"rendered":"https:\/\/www.biodanzabai.com\/?page_id=332"},"modified":"2023-06-08T11:54:25","modified_gmt":"2023-06-08T09:54:25","slug":"masterclass-on-line-con-tuco-nogales","status":"publish","type":"page","link":"https:\/\/www.biodanzabai.com\/eu\/masterclass-on-line-con-tuco-nogales\/","title":{"rendered":"Masterclass on line con TUCO NOGALES"},"content":{"rendered":"<p style=\"text-align: center;\">Director de la Escuela de Formaci\u00f3n de Biodanza Sistema Rolando Toro Al-\u00c1ndalus-Almer\u00eda<\/p>\n<p style=\"text-align: center;\"><strong>Inscribete ya!!! Solicita ID Reuni\u00f3n<\/strong><\/p>\n<p style=\"text-align: center;\"><a  class=\"btn float-btn  purple\" href=\"https:\/\/www.biodanzabai.com\/eu\/contacto\/\" target=\"_self\" ><span><i class=\"fa fa-star\"><\/i><\/span>Pulsa AQU\u00cd para Inscripci\u00f3n e Informaci\u00f3n<\/a>\n<p><strong>Mi\u00e9rcoles 28 de Junio<\/strong><br \/>\n<strong>18:30 hs<\/strong><br \/>\nConexi\u00f3n v\u00eda ZOOM (o de forma diferida para quien la solicite)<\/p>\n<p><img loading=\"lazy\" decoding=\"async\" class=\"aligncenter size-full wp-image-330\" src=\"https:\/\/www.biodanzabai.com\/wp-content\/uploads\/2023\/06\/tuco-nogales.jpg\" alt=\"\" width=\"550\" height=\"550\" srcset=\"https:\/\/www.biodanzabai.com\/wp-content\/uploads\/2023\/06\/tuco-nogales.jpg 550w, https:\/\/www.biodanzabai.com\/wp-content\/uploads\/2023\/06\/tuco-nogales-150x150@2x.jpg 300w, https:\/\/www.biodanzabai.com\/wp-content\/uploads\/2023\/06\/tuco-nogales-150x150.jpg 150w, https:\/\/www.biodanzabai.com\/wp-content\/uploads\/2023\/06\/tuco-nogales-12x12.jpg 12w\" sizes=\"auto, (max-width: 550px) 100vw, 550px\" \/><\/p>\n<p><strong>El \u00c1rbol de los Deseos<\/strong> \u00a0es el \u00ab<strong>\u00c1rbol de la Vida<\/strong>\u00bb<\/p>\n<p>Saber lo que queremos en la vida es parte de nuestra identidad. Si deseamos algo intensamente, terminamos por convertirnos en nuestro deseo.<\/p>\n<p>Rolando Toro creo una metodolog\u00eda consiste en conocer nuestros deseos, despu\u00e9s de una elaboraci\u00f3n sincera y luego vivenciarlos a trav\u00e9s de danzas y ceremonias del Ssitema Biodanza.<\/p>\n<p>A trav\u00e9s de\u00a0<strong>Biodanza<\/strong>\u00a0se adquiere el permiso para realizarlos. No basta con tener deseos en la conciencia, es necesario danzarlos.<\/p>\n<p>Para facilitadores\/as, simpatizante y practicantes de biodanza en general.<\/p>\n<p>IMPORTANTE: INSCRRIPCIONES por medio del formulario que encontrar\u00e1s en la web de la Asociaci\u00f3n:<\/p>\n<p>Socias y socios de BiodantzaBai elkartea:\u00a0<strong>Gratu\u00edto<\/strong><br \/>\nFacilitadoras\/es y simpatizantes no asociadas:\u00a0<strong>20\u20ac<\/strong><\/p>\n<p>Tel\u00e9fono de contacto +34 652 73 21 53<\/p>","protected":false},"excerpt":{"rendered":"<p>Director de la Escuela de Formaci\u00f3n de Biodanza Sistema Rolando Toro Al-\u00c1ndalus-Almer\u00eda Inscribete ya!!! Solicita ID Reuni\u00f3n Mi\u00e9rcoles 28 de Junio 18:30 hs Conexi\u00f3n v\u00eda ZOOM (o de forma diferida para quien la solicite) El \u00c1rbol de los Deseos \u00a0es el \u00ab\u00c1rbol de la Vida\u00bb Saber lo que queremos en la vida es parte de [&hellip;]<\/p>\n","protected":false},"author":4,"featured_media":0,"parent":0,"menu_order":0,"comment_status":"closed","ping_status":"closed","template":"","meta":{"footnotes":""},"class_list":["post-332","page","type-page","status-publish","hentry"],"_links":{"self":[{"href":"https:\/\/www.biodanzabai.com\/eu\/wp-json\/wp\/v2\/pages\/332","targetHints":{"allow":["GET"]}}],"collection":[{"href":"https:\/\/www.biodanzabai.com\/eu\/wp-json\/wp\/v2\/pages"}],"about":[{"href":"https:\/\/www.biodanzabai.com\/eu\/wp-json\/wp\/v2\/types\/page"}],"author":[{"embeddable":true,"href":"https:\/\/www.biodanzabai.com\/eu\/wp-json\/wp\/v2\/users\/4"}],"replies":[{"embeddable":true,"href":"https:\/\/www.biodanzabai.com\/eu\/wp-json\/wp\/v2\/comments?post=332"}],"version-history":[{"count":1,"href":"https:\/\/www.biodanzabai.com\/eu\/wp-json\/wp\/v2\/pages\/332\/revisions"}],"predecessor-version":[{"id":333,"href":"https:\/\/www.biodanzabai.com\/eu\/wp-json\/wp\/v2\/pages\/332\/revisions\/333"}],"wp:attachment":[{"href":"https:\/\/www.biodanzabai.com\/eu\/wp-json\/wp\/v2\/media?parent=332"}],"curies":[{"name":"wp","href":"https:\/\/api.w.org\/{rel}","templated":true}]}}