{"id":368,"date":"2023-09-06T09:08:23","date_gmt":"2023-09-06T07:08:23","guid":{"rendered":"https:\/\/www.biodanzabai.com\/?page_id=368"},"modified":"2025-09-11T10:08:31","modified_gmt":"2025-09-11T08:08:31","slug":"formulario-inscripcion-semana-biodanza","status":"publish","type":"page","link":"https:\/\/www.biodanzabai.com\/eu\/formulario-inscripcion-semana-biodanza\/","title":{"rendered":"Formulario inscripci\u00f3n Semana Biodanza 2025"},"content":{"rendered":"<div class=\"wpb-content-wrapper\"><div class=\"vc_row wpb_row vc_row-fluid\"><div class=\"wpb_column vc_column_container vc_col-sm-12\"><div class=\"vc_column-inner\"><div class=\"wpb_wrapper\">\n\t<div class=\"wpb_text_column wpb_content_element\" >\n\t\t<div class=\"wpb_wrapper\">\n\t\t\t<h2>CELEBRACI\u00d3N SEMANA DE LA BIODANZA VITORIA-GASTEIZ Y PAIS VASCO<\/h2>\n<h4>Vitoria-Gasteiz: Desde el 30 de septiembre al\u00a0 3 de octubre 2025<\/h4>\n<h4>Pa\u00eds Vasco: Desde el 25 de septiembre al\u00a0 3 de octubre 2025<\/h4>\n<p><strong>IMPORTANTE:<\/strong><\/p>\n<h4><span style=\"color: #800080;\">*SOLO UNA INSCRIPCI\u00d3N POR PERSONA. *SOLO UNA INSCRIPCI\u00d3N POR PERSONA.* SI QUIERES ACUDIR M\u00c1S DE UN D\u00cdA CONTACTA ANTES CON NOSOTROS EN LOS TFNOS 628 77 61 \/ 679 49 58 36.<\/span><\/h4>\n<p style=\"text-align: center;\">PULSA SOBRE CADA CARTEL PARA AMPLIARLO.<\/p>\n\n\t\t<\/div>\n\t<\/div>\n<div class=\"wpb_images_carousel wpb_content_element vc_clearfix wpb_content_element\"><div class=\"wpb_wrapper\"><div id=\"vc_images-carousel-1-1776339428\" data-ride=\"vc_carousel\" data-wrap=\"false\" style=\"width: 700px;\" data-interval=\"0\" data-auto-height=\"yes\" data-mode=\"horizontal\" data-partial=\"false\" data-per-view=\"2\" data-hide-on-end=\"true\" class=\"vc_slide vc_images_carousel\"><div class=\"vc_carousel-inner\"><div class=\"vc_carousel-slideline\"><div class=\"vc_carousel-slideline-inner\"><div class=\"vc_item\"><div class=\"vc_inner\"><a class=\"\" href=\"https:\/\/www.biodanzabai.com\/wp-content\/uploads\/2025\/09\/semana-biodanza-2025-euskadi-724x1024.jpg\" data-lightbox=\"lightbox[rel-368-1419387964]\"><img decoding=\"async\" class=\"\" src=\"https:\/\/www.biodanzabai.com\/wp-content\/uploads\/2025\/09\/semana-biodanza-2025-euskadi-700x990.jpg\" width=\"700\" height=\"990\" alt=\"semana-biodanza-2025-euskadi\" title=\"semana-biodanza-2025-euskadi\" loading=\"lazy\" \/><\/a><\/div><\/div><div class=\"vc_item\"><div class=\"vc_inner\"><a class=\"\" href=\"https:\/\/www.biodanzabai.com\/wp-content\/uploads\/2025\/09\/semana-biodanza-2025-vitoria-724x1024.jpg\" data-lightbox=\"lightbox[rel-368-1419387964]\"><img decoding=\"async\" class=\"\" src=\"https:\/\/www.biodanzabai.com\/wp-content\/uploads\/2025\/09\/semana-biodanza-2025-vitoria-700x990.jpg\" width=\"700\" height=\"990\" alt=\"semana-biodanza-2025-vitoria\" title=\"semana-biodanza-2025-vitoria\" loading=\"lazy\" \/><\/a><\/div><\/div><\/div><\/div><\/div><\/div><\/div><\/div>\n\t<div class=\"wpb_text_column wpb_content_element\" >\n\t\t<div class=\"wpb_wrapper\">\n\t\t\t<p>Para completar tu reserva es necesario rellenar este formulario<\/p>\n\n<div class=\"wpcf7 no-js\" id=\"wpcf7-f367-o1\" lang=\"es-ES\" dir=\"ltr\" data-wpcf7-id=\"367\">\n<div class=\"screen-reader-response\"><p role=\"status\" aria-live=\"polite\" aria-atomic=\"true\"><\/p> <ul><\/ul><\/div>\n<form action=\"\/eu\/wp-json\/wp\/v2\/pages\/368#wpcf7-f367-o1\" method=\"post\" class=\"wpcf7-form init\" aria-label=\"Formulario de contacto\" novalidate=\"novalidate\" data-status=\"init\">\n<fieldset class=\"hidden-fields-container\"><input type=\"hidden\" name=\"_wpcf7\" value=\"367\" \/><input type=\"hidden\" name=\"_wpcf7_version\" value=\"6.1.5\" \/><input type=\"hidden\" name=\"_wpcf7_locale\" value=\"es_ES\" \/><input type=\"hidden\" name=\"_wpcf7_unit_tag\" value=\"wpcf7-f367-o1\" \/><input type=\"hidden\" name=\"_wpcf7_container_post\" value=\"0\" \/><input type=\"hidden\" name=\"_wpcf7_posted_data_hash\" value=\"\" \/><input type=\"hidden\" name=\"_wpcf7_recaptcha_response\" value=\"\" \/>\n<\/fieldset>\n<p><label> Nombre y Apellido (requerido)<br \/>\n<span class=\"wpcf7-form-control-wrap\" data-name=\"your-name\"><input size=\"40\" maxlength=\"400\" class=\"wpcf7-form-control wpcf7-text wpcf7-validates-as-required\" aria-required=\"true\" aria-invalid=\"false\" value=\"\" type=\"text\" name=\"your-name\" \/><\/span> <\/label>\n<\/p>\n<p><label> Tu correo electr\u00f3nico (requerido)<br \/>\n<span class=\"wpcf7-form-control-wrap\" data-name=\"your-email\"><input size=\"40\" maxlength=\"400\" class=\"wpcf7-form-control wpcf7-email wpcf7-validates-as-required wpcf7-text wpcf7-validates-as-email\" aria-required=\"true\" aria-invalid=\"false\" value=\"\" type=\"email\" name=\"your-email\" \/><\/span> <\/label>\n<\/p>\n<p><label> Tel\u00e9fono (requerido)<br \/>\n<span class=\"wpcf7-form-control-wrap\" data-name=\"tel-166\"><input size=\"20\" maxlength=\"400\" class=\"wpcf7-form-control wpcf7-text wpcf7-validates-as-required\" aria-required=\"true\" aria-invalid=\"false\" value=\"\" type=\"text\" name=\"tel-166\" \/><\/span> <\/label>\n<\/p>\n<p><label>Importante para tu inscripci\u00f3n indicar:<\/label><br \/>\n<label>D\u00eda (requerido)(Abrir desplegable para escoger el d\u00eda, hora y lugar)<\/label><br \/>\n<span class=\"wpcf7-form-control-wrap\" data-name=\"Diadelasemana\"><select class=\"wpcf7-form-control wpcf7-select wpcf7-validates-as-required\" aria-required=\"true\" aria-invalid=\"false\" name=\"Diadelasemana\"><option value=\"Pulsa aqu\u00ed para seleccionar fecha y lugar\">Pulsa aqu\u00ed para seleccionar fecha y lugar<\/option><option value=\"Martes 30 septiembre 18:30 Espacio Mandala (VITORIA)\">Martes 30 septiembre 18:30 Espacio Mandala (VITORIA)<\/option><option value=\"Mi\u00e9rcoles 1 octubre 10:30 Espacio Mandala (VITORIA)\">Mi\u00e9rcoles 1 octubre 10:30 Espacio Mandala (VITORIA)<\/option><option value=\"Jueves 2 octubre 18:00 Espacio Ganbara (VITORIA)\">Jueves 2 octubre 18:00 Espacio Ganbara (VITORIA)<\/option><option value=\"Jueves 2 octubre 18:30 Espacio Mandala (VITORIA)\">Jueves 2 octubre 18:30 Espacio Mandala (VITORIA)<\/option><option value=\"Viernes 3 octubre 10:30 - PARA MAYORES - Espacio Mandala (VITORIA)\">Viernes 3 octubre 10:30 - PARA MAYORES - Espacio Mandala (VITORIA)<\/option><option value=\"Jueves 25 septiembre 19:15 Numai Ongizate Zentroa (OIARTZUN)\">Jueves 25 septiembre 19:15 Numai Ongizate Zentroa (OIARTZUN)<\/option><option value=\"Lunes 29 septiembre 18:30 Bizilorea Eskola Aktiboa (AZKOITIA)\">Lunes 29 septiembre 18:30 Bizilorea Eskola Aktiboa (AZKOITIA)<\/option><option value=\"Martes 30 septiembre 18:30 Lourdeseko Ama Ikastetxea (ELORRIO)\">Martes 30 septiembre 18:30 Lourdeseko Ama Ikastetxea (ELORRIO)<\/option><option value=\"Mi\u00e9rcoles 1 octubre 18:00 Amarauna (ZIORDIA)\">Mi\u00e9rcoles 1 octubre 18:00 Amarauna (ZIORDIA)<\/option><option value=\"Mi\u00e9rcoles 1 octubre 18:30 Mariaren Lagundia Ikastola (BERGARA)\">Mi\u00e9rcoles 1 octubre 18:30 Mariaren Lagundia Ikastola (BERGARA)<\/option><option value=\"Mi\u00e9rcoles 1 octubre 18:30 Arrasate Yoga Elkartea (ARRASATE)\">Mi\u00e9rcoles 1 octubre 18:30 Arrasate Yoga Elkartea (ARRASATE)<\/option><option value=\"Jueves 2 octubre 18:30 Senbizia terapia zentroa (URRETXU)\">Jueves 2 octubre 18:30 Senbizia terapia zentroa (URRETXU)<\/option><option value=\"Viernes 3 octubre 18:00 Nikabio (DONOSTI)\">Viernes 3 octubre 18:00 Nikabio (DONOSTI)<\/option><\/select><\/span>\n<\/p>\n<p><label> Lugar (requerido)<\/label><br \/>\n<span class=\"wpcf7-form-control-wrap\" data-name=\"lugar\"><select class=\"wpcf7-form-control wpcf7-select wpcf7-validates-as-required\" aria-required=\"true\" aria-invalid=\"false\" name=\"lugar\"><option value=\"Indica lugar\">Indica lugar<\/option><option value=\"Vitoria\">Vitoria<\/option><option value=\"Oiartzun\">Oiartzun<\/option><option value=\"Azkoitia\">Azkoitia<\/option><option value=\"Elorrio\">Elorrio<\/option><option value=\"Ziordia\">Ziordia<\/option><option value=\"Bergara\">Bergara<\/option><option value=\"Arrasate\">Arrasate<\/option><option value=\"Urretxu\">Urretxu<\/option><option value=\"Donosti\">Donosti<\/option><\/select><\/span>\n<\/p>\n<p><label> Tu mensaje<br \/>\n<span class=\"wpcf7-form-control-wrap\" data-name=\"your-message\"><textarea cols=\"100\" rows=\"5\" maxlength=\"2000\" class=\"wpcf7-form-control wpcf7-textarea\" aria-invalid=\"false\" name=\"your-message\"><\/textarea><\/span> <\/label><br \/>\n<span class=\"wpcf7-form-control-wrap\" data-name=\"Privacidad\"><span class=\"wpcf7-form-control wpcf7-acceptance\"><span class=\"wpcf7-list-item\"><label><input type=\"checkbox\" name=\"Privacidad\" value=\"1\" aria-invalid=\"false\" \/><span class=\"wpcf7-list-item-label\">He le\u00eddo y doy mi consentimiento a la <a href=\"https:\/\/www.biodanzabai.com\/politica-de-privacidad\/\" rel=\"nofollow\"><u>pol\u00edtica de privacidad<\/u><\/a><\/span><\/label><\/span><\/span><\/span><br \/>\n<input class=\"wpcf7-form-control wpcf7-submit has-spinner\" type=\"submit\" value=\"Enviar\" \/>\n<\/p><div class=\"wpcf7-response-output\" aria-hidden=\"true\"><\/div>\n<\/form>\n<\/div>\n\n\n\t\t<\/div>\n\t<\/div>\n<\/div><\/div><\/div><\/div>\n<\/div>","protected":false},"excerpt":{"rendered":"CELEBRACI\u00d3N SEMANA DE LA BIODANZA VITORIA-GASTEIZ Y PAIS VASCO Vitoria-Gasteiz: Desde el 30 de septiembre al\u00a0 3 de octubre 2025 Pa\u00eds Vasco: Desde el 25 de septiembre al\u00a0 3 de octubre 2025 IMPORTANTE: *SOLO UNA INSCRIPCI\u00d3N POR PERSONA. *SOLO UNA INSCRIPCI\u00d3N POR PERSONA.* SI QUIERES ACUDIR M\u00c1S DE UN D\u00cdA CONTACTA ANTES CON NOSOTROS EN [...]","protected":false},"author":4,"featured_media":0,"parent":0,"menu_order":0,"comment_status":"closed","ping_status":"closed","template":"page-contact.php","meta":{"footnotes":""},"class_list":["post-368","page","type-page","status-publish","hentry"],"_links":{"self":[{"href":"https:\/\/www.biodanzabai.com\/eu\/wp-json\/wp\/v2\/pages\/368","targetHints":{"allow":["GET"]}}],"collection":[{"href":"https:\/\/www.biodanzabai.com\/eu\/wp-json\/wp\/v2\/pages"}],"about":[{"href":"https:\/\/www.biodanzabai.com\/eu\/wp-json\/wp\/v2\/types\/page"}],"author":[{"embeddable":true,"href":"https:\/\/www.biodanzabai.com\/eu\/wp-json\/wp\/v2\/users\/4"}],"replies":[{"embeddable":true,"href":"https:\/\/www.biodanzabai.com\/eu\/wp-json\/wp\/v2\/comments?post=368"}],"version-history":[{"count":34,"href":"https:\/\/www.biodanzabai.com\/eu\/wp-json\/wp\/v2\/pages\/368\/revisions"}],"predecessor-version":[{"id":623,"href":"https:\/\/www.biodanzabai.com\/eu\/wp-json\/wp\/v2\/pages\/368\/revisions\/623"}],"wp:attachment":[{"href":"https:\/\/www.biodanzabai.com\/eu\/wp-json\/wp\/v2\/media?parent=368"}],"curies":[{"name":"wp","href":"https:\/\/api.w.org\/{rel}","templated":true}]}}