{"id":37,"date":"2019-09-08T18:38:42","date_gmt":"2019-09-08T16:38:42","guid":{"rendered":"https:\/\/www.biodanzabai.com\/?page_id=37"},"modified":"2026-02-17T10:07:20","modified_gmt":"2026-02-17T09:07:20","slug":"grupos-semanales-del-pais-vasco","status":"publish","type":"page","link":"https:\/\/www.biodanzabai.com\/eu\/grupos-semanales-del-pais-vasco\/","title":{"rendered":"Euskal Herrian astean behin biltzen diren taldeak"},"content":{"rendered":"<h2>ALAVA<\/h2>\n<h3>VITORIA<\/h3>\n<ul>\n<li>Martes 18.30 &#8211; 20.30 intermedio Adultos Espacio Mandala. C\/ Coronela Ibaibarriaga, 12 Rakel Ampudia 679441228<\/li>\n<li>Mi\u00e9rcoles 10:00 &#8211; 12:30 intermedio Adultos Espacio Mandala. C\/ Coronela Ibaibarriaga, 12 Carlos Orellana 679495836<\/li>\n<li>Mi\u00e9rcoles de 11:30h a 13h. Sala Baratza Facilita Habiba El Amrani 686580521<\/li>\n<li>Jueves 18.30 &#8211; 20.30 Intermedio Adultos Espacio Mandala. C\/ Coronela Ibaibarriaga, 12 Elena Marcos y Habiba El Amrani 628776141<\/li>\n<li>Viernes 10:30 &#8211; 12:30 intermedio Adultos Espacio Mandala. C\/ Coronela Ibaibarriaga, 12 Carlos Orellana 679495836<\/li>\n<li>Viernes 10:00 &#8211; 12:30 intermedio Adultos Espacio Mandala. C\/ Coronela Ibaibarriaga, 12 Carlos Orellana 679495836<\/li>\n<li>Jueves 18:00 &#8211; 20:00 Intermedio Adultos Espazio Ganbara. C\/Dubl\u00edn 2,1,ofic.5. (Salburua) Laura Urrutia Jim\u00e9nez 685772776<\/li>\n<li>Martes 10:00 &#8211; 12:00 Iniciaci\u00f3n Adultos Gestalt Zentroa General \u00c1lava 10 primera planta Eva L\u00f3pez 626017696<\/li>\n<li>Jueves 19:00 &#8211; 21:00 Profundizaci\u00f3n Adultos Gestalt Zentroa General \u00c1lava 10 primera planta Eva L\u00f3pez 626017696<\/li>\n<\/ul>\n<h3>SALVATIERRA<\/h3>\n<ul>\n<li>Martes 18:00 \u2013 20:00 Iniciaci\u00f3n Adultos en el Domo Ananta, Eva L\u00f3pez 626017696<\/li>\n<\/ul>\n<h3>CONDADO\u00a0 DE TREVI\u00d1O<\/h3>\n<ul>\n<li>Dos martes al mes de 18:30 a 20:30h .Gimnasio del colegio de Trevi\u00f1o. Laura Urrutia Jim\u00e9nez 685772776<\/li>\n<\/ul>\n<h3>LUYANDO<\/h3>\n<ul>\n<li>Dos s\u00e1bados al mes 10:00 &#8211; 12:00 Intermedio Mujeres Centro Social de Luyando. Cuadrilla Ayala. Laura Urrutia Jim\u00e9nez 685772776<\/li>\n<\/ul>\n<p>&nbsp;<\/p>\n<h2>BIZKAIA \/ VIZCAYA<\/h2>\n<h3>BILBAO<\/h3>\n<ul>\n<li>Martes 18:30 &#8211; 20:30 Intermedio Adultos Noem\u00ed V\u00e9lez Siles 626222233<\/li>\n<\/ul>\n<h3>ELORRIO<\/h3>\n<ul>\n<li>Martes 18:30 &#8211; 20:30 Intermedio Adultos Lourdesko Ama Ikastetxea Mentxu Arjonilla 626661292<\/li>\n<\/ul>\n<h2>GIPUZKOA \/ GUIPUZCOA<\/h2>\n<h3>ARRASATE<\/h3>\n<ul>\n<li>Miercoles 19:30 &#8211; 21:30 intermedio Adultos Arrasate Yoga elkartea Rakel Ampudia 679441229<\/li>\n<\/ul>\n<h3>AMASA &#8211; VILLABONA<\/h3>\n<ul>\n<li>Lunes 18:00 &#8211; Nerea Lizarraga 665701590<\/li>\n<\/ul>\n<h3>AZKOITIA<\/h3>\n<ul>\n<li>Lunes 18:00 &#8211; 19:30 Iniciaci\u00f3n Adultos Bizilore Eskola Aktiboa Ane Olaizola Zubizarreta 649713051<\/li>\n<li>Segundo domingo al mes, \u00faltimo domingo 11:00 &#8211; 12:00 Iniciaci\u00f3n Familias Bizilore Eskola Aktiboa Ane Olaizola Zubizarreta 649713051<\/li>\n<\/ul>\n<h3>BERGARA<\/h3>\n<ul>\n<li>Mi\u00e9rcoles 18:30 &#8211; 20:30 Intermedio Adultos Mariaren Lagundia Ikastola Mentxu Arjonilla 626661292<\/li>\n<\/ul>\n<h3>DONOSTIA<\/h3>\n<ul>\n<li>Viernes 18:00 &#8211; 20:00 intermedio Adultos Nikabio San Francisco 52 Rakel Ampudia y Carlos Orellana 679441229<\/li>\n<li>2 S\u00e1bados 18:00 &#8211; 20:00 Intermedio Adultos Yogagune calle Zubieta 11 Tony Luengo Fern\u00e1ndez 626107770 (2 s\u00e1bados al mes)<\/li>\n<\/ul>\n<h3>IRUN<\/h3>\n<ul>\n<li>Jueves 10:00 &#8211; 12:00 Intermedio Adultos Espacio Bihotz Mar\u00eda de las Nieves Cabrita Duarte +34 605 75 39 59 (I\u00f1igo)<\/li>\n<li>Jueves 19:00 &#8211; 21:00 Intermedio Adultos Espacio Bihotz Mar\u00eda de las Nieves Cabrita Duarte +34 605 75 39 59 (I\u00f1igo)<\/li>\n<\/ul>\n<h3>ORDIZIA<\/h3>\n<ul>\n<li>Lunes 18:30 &#8211; 20:30 Iniciaci\u00f3n Adultos DORREA dantza gelan, Juan Amezketa kalea, 20240 Ordizia Candela Mu\u00f1oz y Juan F\u00e9lix Garcia 629 42 33 10<\/li>\n<li>Martes 18:30 &#8211; 20:30 Intermedio Adultos Sala Nadal y Juan F\u00e9lix Garcia 629423310<\/li>\n<\/ul>\n<h3>URRETXU<\/h3>\n<ul>\n<li>Jueves 18:30 &#8211; 20:30 Intermedio Adultos Urretxu &#8211; Zumarraga Ikastola. Mentxu Arjonilla 626661292<\/li>\n<\/ul>\n<h3>ZARAUTZ<\/h3>\n<ul>\n<li>Martes y Jueves 18:30 &#8211; 20:30 Intermedio Adultos Sala de Psicomotricidad del colegio Antoniano Elen BiziTaupa 653709924<\/li>\n<\/ul>\n<h2>NAFARROA \/ NAVARRA<\/h2>\n<h3>ZIORDIA<\/h3>\n<ul>\n<li>Mi\u00e9rcoles 18:00 &#8211; 20:00 Profundizaci\u00f3n Adultos Amarauna . Carretera Pamplona 7. 31809 Laura Urrutia Jim\u00e9nez 685772776<\/li>\n<\/ul>\n<p><img decoding=\"async\" class=\"aligncenter size-full wp-image-252\" src=\"https:\/\/www.biodanzabai.com\/wp-content\/uploads\/2022\/05\/mapaeuskadibiodanza.jpg\" alt=\"\" width=\"100%\" srcset=\"https:\/\/www.biodanzabai.com\/wp-content\/uploads\/2022\/05\/mapaeuskadibiodanza.jpg 1284w, https:\/\/www.biodanzabai.com\/wp-content\/uploads\/2022\/05\/mapaeuskadibiodanza-300x262.jpg 300w, https:\/\/www.biodanzabai.com\/wp-content\/uploads\/2022\/05\/mapaeuskadibiodanza-1024x893.jpg 1024w, https:\/\/www.biodanzabai.com\/wp-content\/uploads\/2022\/05\/mapaeuskadibiodanza-14x12.jpg 14w, https:\/\/www.biodanzabai.com\/wp-content\/uploads\/2022\/05\/mapaeuskadibiodanza-750x654.jpg 750w, https:\/\/www.biodanzabai.com\/wp-content\/uploads\/2022\/05\/mapaeuskadibiodanza-300x262@2x.jpg 600w\" sizes=\"(max-width: 1284px) 100vw, 1284px\" \/><\/p>","protected":false},"excerpt":{"rendered":"<p>ALAVA VITORIA Martes 18.30 &#8211; 20.30 intermedio Adultos Espacio Mandala. C\/ Coronela Ibaibarriaga, 12 Rakel Ampudia 679441228 Mi\u00e9rcoles 10:00 &#8211; 12:30 intermedio Adultos Espacio Mandala. C\/ Coronela Ibaibarriaga, 12 Carlos Orellana 679495836 Mi\u00e9rcoles de 11:30h a 13h. Sala Baratza Facilita Habiba El Amrani 686580521 Jueves 18.30 &#8211; 20.30 Intermedio Adultos Espacio Mandala. C\/ Coronela Ibaibarriaga, [&hellip;]<\/p>\n","protected":false},"author":4,"featured_media":0,"parent":0,"menu_order":0,"comment_status":"closed","ping_status":"closed","template":"","meta":{"footnotes":""},"class_list":["post-37","page","type-page","status-publish","hentry"],"_links":{"self":[{"href":"https:\/\/www.biodanzabai.com\/eu\/wp-json\/wp\/v2\/pages\/37","targetHints":{"allow":["GET"]}}],"collection":[{"href":"https:\/\/www.biodanzabai.com\/eu\/wp-json\/wp\/v2\/pages"}],"about":[{"href":"https:\/\/www.biodanzabai.com\/eu\/wp-json\/wp\/v2\/types\/page"}],"author":[{"embeddable":true,"href":"https:\/\/www.biodanzabai.com\/eu\/wp-json\/wp\/v2\/users\/4"}],"replies":[{"embeddable":true,"href":"https:\/\/www.biodanzabai.com\/eu\/wp-json\/wp\/v2\/comments?post=37"}],"version-history":[{"count":36,"href":"https:\/\/www.biodanzabai.com\/eu\/wp-json\/wp\/v2\/pages\/37\/revisions"}],"predecessor-version":[{"id":650,"href":"https:\/\/www.biodanzabai.com\/eu\/wp-json\/wp\/v2\/pages\/37\/revisions\/650"}],"wp:attachment":[{"href":"https:\/\/www.biodanzabai.com\/eu\/wp-json\/wp\/v2\/media?parent=37"}],"curies":[{"name":"wp","href":"https:\/\/api.w.org\/{rel}","templated":true}]}}