{"id":391,"date":"2023-09-25T09:05:08","date_gmt":"2023-09-25T07:05:08","guid":{"rendered":"https:\/\/www.biodanzabai.com\/?page_id=391"},"modified":"2023-09-25T19:09:14","modified_gmt":"2023-09-25T17:09:14","slug":"masterclass-on-line-con-formacion-en-educacion-biocentrica","status":"publish","type":"page","link":"https:\/\/www.biodanzabai.com\/eu\/masterclass-on-line-con-formacion-en-educacion-biocentrica\/","title":{"rendered":"Masterclass on line con  Formaci\u00f3n en Educaci\u00f3n Bioc\u00e9ntrica"},"content":{"rendered":"<div class=\"wpb-content-wrapper\"><div class=\"vc_row wpb_row vc_row-fluid\"><div class=\"wpb_column vc_column_container vc_col-sm-12\"><div class=\"vc_column-inner\"><div class=\"wpb_wrapper\">\n\t<div class=\"wpb_text_column wpb_content_element\" >\n\t\t<div class=\"wpb_wrapper\">\n\t\t\t<p style=\"text-align: center;\"><strong>Ruth Cavalcante<\/strong><\/p>\n<p style=\"text-align: center;\">Directora de la 1\u00ba escuela de Biodanza del Mundo (Cear\u00e1-Fortaleza, Brasil).<br \/>\nForjadora de la Educaci\u00f3n Bioc\u00e9ntrica<br \/>\n\u201cuna vida dedica a la pr\u00e1ctica pedag\u00f3gica basada en el Principio Bioc\u00e9ntrico\u201d.<\/p>\n<p style=\"text-align: center;\"><strong>Inscribete ya!!! Solicita ID Reuni\u00f3n<\/strong><\/p>\n<p style=\"text-align: center;\"><a  class=\"btn float-btn  purple\" href=\"https:\/\/www.biodanzabai.com\/eu\/formulario-inscripcion-master-class-online\/\" target=\"_self\" ><span><i class=\"fa fa-star\"><\/i><\/span>Pulsa AQU\u00cd para Inscripci\u00f3n e Informaci\u00f3n<\/a><\/p>\n\n\t\t<\/div>\n\t<\/div>\n<\/div><\/div><\/div><\/div><div class=\"vc_row wpb_row vc_row-fluid\"><div class=\"wpb_column vc_column_container vc_col-sm-6\"><div class=\"vc_column-inner\"><div class=\"wpb_wrapper\">\n\t<div  class=\"wpb_single_image wpb_content_element vc_align_left wpb_content_element\">\n\t\t\n\t\t<figure class=\"wpb_wrapper vc_figure\">\n\t\t\t<div class=\"vc_single_image-wrapper   vc_box_border_grey\"><img loading=\"lazy\" decoding=\"async\" width=\"550\" height=\"550\" src=\"https:\/\/www.biodanzabai.com\/wp-content\/uploads\/2023\/09\/master-class-ruth-cavalcante.jpg\" class=\"vc_single_image-img attachment-full\" alt=\"\" title=\"master-class-ruth-cavalcante\" srcset=\"https:\/\/www.biodanzabai.com\/wp-content\/uploads\/2023\/09\/master-class-ruth-cavalcante.jpg 550w, https:\/\/www.biodanzabai.com\/wp-content\/uploads\/2023\/09\/master-class-ruth-cavalcante-150x150@2x.jpg 300w, https:\/\/www.biodanzabai.com\/wp-content\/uploads\/2023\/09\/master-class-ruth-cavalcante-150x150.jpg 150w, https:\/\/www.biodanzabai.com\/wp-content\/uploads\/2023\/09\/master-class-ruth-cavalcante-12x12.jpg 12w\" sizes=\"auto, (max-width: 550px) 100vw, 550px\" \/><\/div>\n\t\t<\/figure>\n\t<\/div>\n<\/div><\/div><\/div><div class=\"wpb_column vc_column_container vc_col-sm-6\"><div class=\"vc_column-inner\"><div class=\"wpb_wrapper\">\n\t<div class=\"wpb_text_column wpb_content_element\" >\n\t\t<div class=\"wpb_wrapper\">\n\t\t\t<p><strong>Lunes 2 de octubre<\/strong><br \/>\n<strong>18:30 hs<\/strong><br \/>\nConexi\u00f3n v\u00eda ZOOM (o de forma diferida para quien la solicite)<\/p>\n<p>&nbsp;<\/p>\n<p>En esta Master class Ruth Cavalcante nos proporcionara fundamentaci\u00f3n te\u00f3rica y pr\u00e1ctica de la EDUCACI\u00d3N BIOC\u00c9NTRICA, pautadas en el Principio Bioc\u00e9ntrico;<\/p>\n<p>Por medio de la Educaci\u00f3n Dial\u00f3gica y el Pensamiento Complejo la EDUCACI\u00d3N BIOC\u00c9NTRICA propone una visi\u00f3n global del universo y de las cuestiones sociales dentro de un pensar cient\u00edfico con acciones que favorezcan un sentido evolutivo de la vida.<\/p>\n<p><strong>INSCRIPCIONES<\/strong> por medio del formulario que encontrar\u00e1s en la web de la Asociaci\u00f3n:<\/p>\n<p><a href=\"http:\/\/www.biodanzabai.com\/eu\/\">www.biodanzabai.com<\/a><\/p>\n<p>Socias y socios de BiodantzaBai elkartea: Gratu\u00edto<\/p>\n<p><strong>No asociadas: 20\u20ac<\/strong> el pago por transferencia bancaria al n\u00famero de cuenta: ES44 3035 0012 7501 2010 4729 siendo el titular de la cuenta la Asociaci\u00f3n Biodantza Bai elkartea. <strong><u>Importante<\/u><\/strong> enviar justificante a <a href=\"mailto:biodantzabai@gmail.com\">biodantzabai@gmail.com<\/a><\/p>\n\n\t\t<\/div>\n\t<\/div>\n<\/div><\/div><\/div><\/div><div class=\"vc_row wpb_row vc_row-fluid\"><div class=\"wpb_column vc_column_container vc_col-sm-12\"><div class=\"vc_column-inner\"><div class=\"wpb_wrapper\">\n\t<div class=\"wpb_text_column wpb_content_element\" >\n\t\t<div class=\"wpb_wrapper\">\n\t\t\t<p>Una vez recibamos el pago te enviaremos ID de la Reuni\u00f3n a tu e-mail y tambi\u00e9n recibir\u00e1s otor correo (e-mail) de YouTube con el asunto: A private video was shared with you, de la asociaci\u00f3n Biodantza Bai elkartea en donde podr\u00e1s acceder a la master class completa.<\/p>\n<p>Biodantza Bai Elkartea, un punto de referencia en el campo asociativo del Pa\u00eds Vasco, creada por facilitadores y facilitadoras de biodanza sistema Rolando Toro motivados por el trabajo en red y difusi\u00f3n de la biodanza. Masterclass<\/p>\n\n\t\t<\/div>\n\t<\/div>\n<\/div><\/div><\/div><\/div>\n<\/div>","protected":false},"excerpt":{"rendered":"Ruth Cavalcante Directora de la 1\u00ba escuela de Biodanza del Mundo (Cear\u00e1-Fortaleza, Brasil). Forjadora de la Educaci\u00f3n Bioc\u00e9ntrica \u201cuna vida dedica a la pr\u00e1ctica pedag\u00f3gica basada en el Principio Bioc\u00e9ntrico\u201d. Inscribete ya!!! Solicita ID Reuni\u00f3n Pulsa AQU\u00cd para Inscripci\u00f3n e Informaci\u00f3n Lunes 2 de octubre 18:30 hs Conexi\u00f3n v\u00eda ZOOM (o de forma diferida para [...]","protected":false},"author":4,"featured_media":0,"parent":0,"menu_order":0,"comment_status":"closed","ping_status":"closed","template":"","meta":{"footnotes":""},"class_list":["post-391","page","type-page","status-publish","hentry"],"_links":{"self":[{"href":"https:\/\/www.biodanzabai.com\/eu\/wp-json\/wp\/v2\/pages\/391","targetHints":{"allow":["GET"]}}],"collection":[{"href":"https:\/\/www.biodanzabai.com\/eu\/wp-json\/wp\/v2\/pages"}],"about":[{"href":"https:\/\/www.biodanzabai.com\/eu\/wp-json\/wp\/v2\/types\/page"}],"author":[{"embeddable":true,"href":"https:\/\/www.biodanzabai.com\/eu\/wp-json\/wp\/v2\/users\/4"}],"replies":[{"embeddable":true,"href":"https:\/\/www.biodanzabai.com\/eu\/wp-json\/wp\/v2\/comments?post=391"}],"version-history":[{"count":5,"href":"https:\/\/www.biodanzabai.com\/eu\/wp-json\/wp\/v2\/pages\/391\/revisions"}],"predecessor-version":[{"id":401,"href":"https:\/\/www.biodanzabai.com\/eu\/wp-json\/wp\/v2\/pages\/391\/revisions\/401"}],"wp:attachment":[{"href":"https:\/\/www.biodanzabai.com\/eu\/wp-json\/wp\/v2\/media?parent=391"}],"curies":[{"name":"wp","href":"https:\/\/api.w.org\/{rel}","templated":true}]}}