{"id":404,"date":"2023-10-21T15:01:34","date_gmt":"2023-10-21T13:01:34","guid":{"rendered":"https:\/\/www.biodanzabai.com\/?page_id=404"},"modified":"2023-10-21T15:01:34","modified_gmt":"2023-10-21T13:01:34","slug":"biodanza-el-placer-como-camino","status":"publish","type":"page","link":"https:\/\/www.biodanzabai.com\/eu\/biodanza-el-placer-como-camino\/","title":{"rendered":"BIODANZA EL PLACER COMO CAMINO"},"content":{"rendered":"<div class=\"wpb-content-wrapper\"><div class=\"vc_row wpb_row vc_row-fluid\"><div class=\"wpb_column vc_column_container vc_col-sm-12\"><div class=\"vc_column-inner\"><div class=\"wpb_wrapper\"><\/div><\/div><\/div><\/div><div class=\"vc_row wpb_row vc_row-fluid\"><div class=\"wpb_column vc_column_container vc_col-sm-6\"><div class=\"vc_column-inner\"><div class=\"wpb_wrapper\">\n\t<div  class=\"wpb_single_image wpb_content_element vc_align_left wpb_content_element\">\n\t\t\n\t\t<figure class=\"wpb_wrapper vc_figure\">\n\t\t\t<div class=\"vc_single_image-wrapper   vc_box_border_grey\"><img loading=\"lazy\" decoding=\"async\" width=\"679\" height=\"960\" src=\"https:\/\/www.biodanzabai.com\/wp-content\/uploads\/2023\/10\/biodanza-masculino-femenino.jpg\" class=\"vc_single_image-img attachment-full\" alt=\"\" title=\"biodanza-masculino-femenino\" srcset=\"https:\/\/www.biodanzabai.com\/wp-content\/uploads\/2023\/10\/biodanza-masculino-femenino.jpg 679w, https:\/\/www.biodanzabai.com\/wp-content\/uploads\/2023\/10\/biodanza-masculino-femenino-212x300.jpg 212w, https:\/\/www.biodanzabai.com\/wp-content\/uploads\/2023\/10\/biodanza-masculino-femenino-8x12.jpg 8w, https:\/\/www.biodanzabai.com\/wp-content\/uploads\/2023\/10\/biodanza-masculino-femenino-212x300@2x.jpg 424w\" sizes=\"auto, (max-width: 679px) 100vw, 679px\" \/><\/div>\n\t\t<\/figure>\n\t<\/div>\n<\/div><\/div><\/div><div class=\"wpb_column vc_column_container vc_col-sm-6\"><div class=\"vc_column-inner\"><div class=\"wpb_wrapper\">\n\t<div class=\"wpb_text_column wpb_content_element\" >\n\t\t<div class=\"wpb_wrapper\">\n\t\t\t<div dir=\"auto\"><img decoding=\"async\" class=\"an1\" src=\"https:\/\/fonts.gstatic.com\/s\/e\/notoemoji\/15.0\/1f493\/32.png\" alt=\"\ud83d\udc93\" data-emoji=\"\ud83d\udc93\" aria-label=\"\ud83d\udc93\" \/>\u00a0BIODANZA\u00a0\u00a0<img decoding=\"async\" class=\"an1\" src=\"https:\/\/fonts.gstatic.com\/s\/e\/notoemoji\/15.0\/2728\/32.png\" alt=\"\u2728\" data-emoji=\"\u2728\" aria-label=\"\u2728\" \/><img decoding=\"async\" class=\"an1\" src=\"https:\/\/fonts.gstatic.com\/s\/e\/notoemoji\/15.0\/2728\/32.png\" alt=\"\u2728\" data-emoji=\"\u2728\" aria-label=\"\u2728\" \/><img decoding=\"async\" class=\"an1\" src=\"https:\/\/fonts.gstatic.com\/s\/e\/notoemoji\/15.0\/2728\/32.png\" alt=\"\u2728\" data-emoji=\"\u2728\" aria-label=\"\u2728\" \/>EL PLACER COMO CAMINO<img decoding=\"async\" class=\"an1\" src=\"https:\/\/fonts.gstatic.com\/s\/e\/notoemoji\/15.0\/2728\/32.png\" alt=\"\u2728\" data-emoji=\"\u2728\" aria-label=\"\u2728\" \/><img decoding=\"async\" class=\"an1\" src=\"https:\/\/fonts.gstatic.com\/s\/e\/notoemoji\/15.0\/2728\/32.png\" alt=\"\u2728\" data-emoji=\"\u2728\" aria-label=\"\u2728\" \/><img decoding=\"async\" class=\"an1\" src=\"https:\/\/fonts.gstatic.com\/s\/e\/notoemoji\/15.0\/2728\/32.png\" alt=\"\u2728\" data-emoji=\"\u2728\" aria-label=\"\u2728\" \/><\/div>\n<div dir=\"auto\"><\/div>\n<div dir=\"auto\"><img decoding=\"async\" class=\"an1\" src=\"https:\/\/fonts.gstatic.com\/s\/e\/notoemoji\/15.0\/2764_200d_1f525\/32.png\" alt=\"\u2764\u200d\ud83d\udd25\" data-emoji=\"\u2764\u200d\ud83d\udd25\" aria-label=\"\u2764\u200d\ud83d\udd25\" \/>\u00a0*HACIA EL\u00a0 ENCUENTRO SAGRADO FEMENINO,MASCULINO, YIN &amp; YANG*<img decoding=\"async\" class=\"an1\" src=\"https:\/\/fonts.gstatic.com\/s\/e\/notoemoji\/15.0\/2728\/32.png\" alt=\"\u2728\" data-emoji=\"\u2728\" aria-label=\"\u2728\" \/><\/div>\n<div dir=\"auto\"><\/div>\n<div dir=\"auto\"><img decoding=\"async\" class=\"an1\" src=\"https:\/\/fonts.gstatic.com\/s\/e\/notoemoji\/15.0\/1f4ab\/32.png\" alt=\"\ud83d\udcab\" data-emoji=\"\ud83d\udcab\" aria-label=\"\ud83d\udcab\" \/>\u00a0*TALLER de DESARROLLO EROTICO*<img decoding=\"async\" class=\"an1\" src=\"https:\/\/fonts.gstatic.com\/s\/e\/notoemoji\/15.0\/1f4ab\/32.png\" alt=\"\ud83d\udcab\" data-emoji=\"\ud83d\udcab\" aria-label=\"\ud83d\udcab\" \/>\u00a0para soltar todo aquello\u00a0 que te impide vivirte libre, plenamente.<\/div>\n<div dir=\"auto\"><\/div>\n<div dir=\"auto\"><\/div>\n<div dir=\"auto\"><img decoding=\"async\" class=\"an1\" src=\"https:\/\/fonts.gstatic.com\/s\/e\/notoemoji\/15.0\/1faf6\/32.png\" alt=\"\ud83e\udef6\" data-emoji=\"\ud83e\udef6\" aria-label=\"\ud83e\udef6\" \/>Ad\u00e9ntrate en el fascinante mundo de la Biodanza Masculino y Femenino, un viaje de autodescubrimiento y conexi\u00f3n profunda como ning\u00fan otro. En nuestras sesiones, explorar\u00e1s la danza como una expresi\u00f3n del yin y yang en su forma m\u00e1s aut\u00e9ntica\u00a0<img decoding=\"async\" class=\"an1\" src=\"https:\/\/fonts.gstatic.com\/s\/e\/notoemoji\/15.0\/1f341\/32.png\" alt=\"\ud83c\udf41\" data-emoji=\"\ud83c\udf41\" aria-label=\"\ud83c\udf41\" \/><\/div>\n<div dir=\"auto\"><\/div>\n<div dir=\"auto\">*Descubre c\u00f3mo el encuentro entre estas energ\u00edas complementarias puede desatar una ola de placer en tu cuerpo, mente y esp\u00edritu*<\/div>\n<div dir=\"auto\"><\/div>\n<div dir=\"auto\"><\/div>\n<div dir=\"auto\">Cada paso que das en la Biodanza es una celebraci\u00f3n de la armon\u00eda de g\u00e9neros, una oportunidad para liberar tu energ\u00eda vital y una experiencia de dicha inigualable\u00a0<img decoding=\"async\" class=\"an1\" src=\"https:\/\/fonts.gstatic.com\/s\/e\/notoemoji\/15.0\/1faf6\/32.png\" alt=\"\ud83e\udef6\" data-emoji=\"\ud83e\udef6\" aria-label=\"\ud83e\udef6\" \/><\/div>\n<div dir=\"auto\"><\/div>\n<div dir=\"auto\">\u00danete a nosotrxs en este viaje\u00a0<img decoding=\"async\" class=\"an1\" src=\"https:\/\/fonts.gstatic.com\/s\/e\/notoemoji\/15.0\/1f300\/32.png\" alt=\"\ud83c\udf00\" data-emoji=\"\ud83c\udf00\" aria-label=\"\ud83c\udf00\" \/><img decoding=\"async\" class=\"an1\" src=\"https:\/\/fonts.gstatic.com\/s\/e\/notoemoji\/15.0\/1f300\/32.png\" alt=\"\ud83c\udf00\" data-emoji=\"\ud83c\udf00\" aria-label=\"\ud83c\udf00\" \/>\u00a0transformador donde el encuentro se convierte en el camino y el camino se convierte en un placer inigualable.<\/div>\n<div dir=\"auto\"><\/div>\n<div dir=\"auto\">La Biodanza te espera para explorar, crecer y experimentar la magia de la danza como nunca antes.\u00bb<\/div>\n<div dir=\"auto\"><\/div>\n<div dir=\"auto\"><img decoding=\"async\" class=\"an1\" src=\"https:\/\/fonts.gstatic.com\/s\/e\/notoemoji\/15.0\/1f4cc\/32.png\" alt=\"\ud83d\udccc\" data-emoji=\"\ud83d\udccc\" aria-label=\"\ud83d\udccc\" \/>Lugar: VITORIA\/ GASTEIZ<\/div>\n<div dir=\"auto\"><\/div>\n<div dir=\"auto\"><img decoding=\"async\" class=\"an1\" src=\"https:\/\/fonts.gstatic.com\/s\/e\/notoemoji\/15.0\/1f4cc\/32.png\" alt=\"\ud83d\udccc\" data-emoji=\"\ud83d\udccc\" aria-label=\"\ud83d\udccc\" \/>Espacio Unbela-Salburua<\/div>\n<div dir=\"auto\"><\/div>\n<div dir=\"auto\"><img decoding=\"async\" class=\"an1\" src=\"https:\/\/fonts.gstatic.com\/s\/e\/notoemoji\/15.0\/1f4cc\/32.png\" alt=\"\ud83d\udccc\" data-emoji=\"\ud83d\udccc\" aria-label=\"\ud83d\udccc\" \/>Fecha: 29 Octubre<\/div>\n<div dir=\"auto\"><\/div>\n<div dir=\"auto\"><img decoding=\"async\" class=\"an1\" src=\"https:\/\/fonts.gstatic.com\/s\/e\/notoemoji\/15.0\/1f4cc\/32.png\" alt=\"\ud83d\udccc\" data-emoji=\"\ud83d\udccc\" aria-label=\"\ud83d\udccc\" \/>Inversi\u00f3n: 80\u20ac<\/div>\n<div dir=\"auto\"><\/div>\n<div dir=\"auto\"><img decoding=\"async\" class=\"an1\" src=\"https:\/\/fonts.gstatic.com\/s\/e\/notoemoji\/15.0\/1f4cc\/32.png\" alt=\"\ud83d\udccc\" data-emoji=\"\ud83d\udccc\" aria-label=\"\ud83d\udccc\" \/>\u00a0Tel\u00e9fonos: 626222233 \/ 626661292<\/div>\n<div dir=\"auto\"><\/div>\n<div dir=\"auto\">Plazas limitadas, imprescindible reservar antes del d\u00eda 20.<\/div>\n<div dir=\"auto\"><\/div>\n<div dir=\"auto\">Imparten:<\/div>\n<div dir=\"auto\">De la mano de Noemi\u00a0 V\u00e9lez &amp; Mentxu Arjonilla,\u00a0 facilitadoras Didactas de Biodanza SRT con m\u00e1s\u00a0 de una d\u00e9cada de experiencia acompa\u00f1ando grupos.<\/div>\n<div dir=\"auto\">\u00a0 \u00a0 \u00a0 \u00a0 \u00a0 \u00a0 \u00a0<img decoding=\"async\" class=\"an1\" src=\"https:\/\/fonts.gstatic.com\/s\/e\/notoemoji\/15.0\/1f497\/32.png\" alt=\"\ud83d\udc97\" data-emoji=\"\ud83d\udc97\" aria-label=\"\ud83d\udc97\" \/><img decoding=\"async\" class=\"an1\" src=\"https:\/\/fonts.gstatic.com\/s\/e\/notoemoji\/15.0\/1fab7\/32.png\" alt=\"\ud83e\udeb7\" data-emoji=\"\ud83e\udeb7\" aria-label=\"\ud83e\udeb7\" \/><img decoding=\"async\" class=\"an1\" src=\"https:\/\/fonts.gstatic.com\/s\/e\/notoemoji\/15.0\/1f497\/32.png\" alt=\"\ud83d\udc97\" data-emoji=\"\ud83d\udc97\" aria-label=\"\ud83d\udc97\" \/><\/div>\n\n\t\t<\/div>\n\t<\/div>\n<\/div><\/div><\/div><\/div>\n<\/div>","protected":false},"excerpt":{"rendered":"\u00a0BIODANZA\u00a0\u00a0EL PLACER COMO CAMINO \u00a0*HACIA EL\u00a0 ENCUENTRO SAGRADO FEMENINO,MASCULINO, YIN &amp; YANG* \u00a0*TALLER de DESARROLLO EROTICO*\u00a0para soltar todo aquello\u00a0 que te impide vivirte libre, plenamente. Ad\u00e9ntrate en el fascinante mundo de la Biodanza Masculino y Femenino, un viaje de autodescubrimiento y conexi\u00f3n profunda como ning\u00fan otro. En nuestras sesiones, explorar\u00e1s la danza como una expresi\u00f3n [...]","protected":false},"author":4,"featured_media":0,"parent":0,"menu_order":0,"comment_status":"closed","ping_status":"closed","template":"","meta":{"footnotes":""},"class_list":["post-404","page","type-page","status-publish","hentry"],"_links":{"self":[{"href":"https:\/\/www.biodanzabai.com\/eu\/wp-json\/wp\/v2\/pages\/404","targetHints":{"allow":["GET"]}}],"collection":[{"href":"https:\/\/www.biodanzabai.com\/eu\/wp-json\/wp\/v2\/pages"}],"about":[{"href":"https:\/\/www.biodanzabai.com\/eu\/wp-json\/wp\/v2\/types\/page"}],"author":[{"embeddable":true,"href":"https:\/\/www.biodanzabai.com\/eu\/wp-json\/wp\/v2\/users\/4"}],"replies":[{"embeddable":true,"href":"https:\/\/www.biodanzabai.com\/eu\/wp-json\/wp\/v2\/comments?post=404"}],"version-history":[{"count":1,"href":"https:\/\/www.biodanzabai.com\/eu\/wp-json\/wp\/v2\/pages\/404\/revisions"}],"predecessor-version":[{"id":406,"href":"https:\/\/www.biodanzabai.com\/eu\/wp-json\/wp\/v2\/pages\/404\/revisions\/406"}],"wp:attachment":[{"href":"https:\/\/www.biodanzabai.com\/eu\/wp-json\/wp\/v2\/media?parent=404"}],"curies":[{"name":"wp","href":"https:\/\/api.w.org\/{rel}","templated":true}]}}