{"id":456,"date":"2024-03-26T20:20:33","date_gmt":"2024-03-26T19:20:33","guid":{"rendered":"https:\/\/www.biodanzabai.com\/?page_id=456"},"modified":"2024-03-26T20:56:37","modified_gmt":"2024-03-26T19:56:37","slug":"celebrando-el-dia-mundial-de-la-biodanza-en-el-pais-vasco-2024","status":"publish","type":"page","link":"https:\/\/www.biodanzabai.com\/eu\/celebrando-el-dia-mundial-de-la-biodanza-en-el-pais-vasco-2024\/","title":{"rendered":"Mundu mailako Biodantza eguna ospatuz Euskal Herrian"},"content":{"rendered":"<p style=\"text-align: center;\"><strong>Ezinbestekoa  zure tokia konfirmatzea + Menua aukeratzea IZEN-EMATE ORRIA-ren  bitartez<\/strong><\/p>\n<p style=\"text-align: center;\"><a  class=\"btn float-btn  purple\" href=\"https:\/\/www.biodanzabai.com\/eu\/formulario-de-inscripcion-y-reserva\/\" target=\"_self\" ><span><i class=\"fa fa-star\"><\/i><\/span>IZENA EMATEKO FORMULARIO sakatu HEMEN<\/a>\n<p><strong><strong><img loading=\"lazy\" decoding=\"async\" class=\"aligncenter wp-image-457 size-full\" src=\"https:\/\/www.biodanzabai.com\/wp-content\/uploads\/2024\/03\/dia-mundial-biodanza.jpg\" alt=\"\" width=\"800\" height=\"743\" srcset=\"https:\/\/www.biodanzabai.com\/wp-content\/uploads\/2024\/03\/dia-mundial-biodanza.jpg 800w, https:\/\/www.biodanzabai.com\/wp-content\/uploads\/2024\/03\/dia-mundial-biodanza-300x279.jpg 300w, https:\/\/www.biodanzabai.com\/wp-content\/uploads\/2024\/03\/dia-mundial-biodanza-13x12.jpg 13w, https:\/\/www.biodanzabai.com\/wp-content\/uploads\/2024\/03\/dia-mundial-biodanza-750x697.jpg 750w, https:\/\/www.biodanzabai.com\/wp-content\/uploads\/2024\/03\/dia-mundial-biodanza-300x279@2x.jpg 600w\" sizes=\"auto, (max-width: 800px) 100vw, 800px\" \/><\/strong><\/strong><\/p>\n<p><strong>ZATOZ BIBENTZIATU ETA PARTEKATZERA!<\/strong><\/p>\n<p>Apirilaren 21ean, igandea, 11:00etatik 18:00etara (ongietorria eta zirkulua. Jarraian bizipena, bazkaria eta itxiera-bizipena alai eta organikoa, Euskal Herriko Naturaz Beteriko ingurune batean).<\/p>\n<p>BiodantzaBai elkarteko bideratzaileek emandako bizipenak, Euskal Herriko elkarteen eremuan erreferentzia dena.<\/p>\n<p>Lekua: Kuartangoko bainuetxea<\/p>\n<p>kokapena<\/p>\n<p><a href=\"https:\/\/maps.app.goo.gl\/W16w2QnZJRW8RkY99\">https:\/\/maps.app.goo.gl\/W16w2QnZJRW8RkY99<\/a><\/p>\n<p>Kostua: 35 euro pertsonako, bi bizipenak eta menua\/bazkaria barne (hautatu menua izena emateko formularioan)<\/p>\n<p>GARRANTZITSUA: Erreserba 35 euroko banku-transferentziaren bidez bakarrik egingo da (bankuko datuak izena emateko formularioan aurkituko dituzu)<\/p>\n<p>Egun honetan Biodantzaren topaketa enblematiko batean elkartuko gara, BIZITZA ospatu eta dantzatuz.<\/p>\n<p>&nbsp;<\/p>\n<p style=\"text-align: center;\">","protected":false},"excerpt":{"rendered":"<p>Imprescindible confirmar tu Plaza + la selecci\u00f3n de tu Men\u00fa por medio del: ACERCATE A VIVENCIAR Y COMPARTIR Domingo 21 de Abril de 11:00 a 18:00 hs (bienvenida y c\u00edrculo, vivencia, comida y vivencia de cierre alegre y org\u00e1nica en un entorno Pleno de Naturaleza del Pa\u00eds Vasco) Vivencias impartidas por las Facilitadoras\/es de la [&hellip;]<\/p>\n","protected":false},"author":4,"featured_media":0,"parent":0,"menu_order":0,"comment_status":"closed","ping_status":"closed","template":"","meta":{"footnotes":""},"class_list":["post-456","page","type-page","status-publish","hentry"],"_links":{"self":[{"href":"https:\/\/www.biodanzabai.com\/eu\/wp-json\/wp\/v2\/pages\/456","targetHints":{"allow":["GET"]}}],"collection":[{"href":"https:\/\/www.biodanzabai.com\/eu\/wp-json\/wp\/v2\/pages"}],"about":[{"href":"https:\/\/www.biodanzabai.com\/eu\/wp-json\/wp\/v2\/types\/page"}],"author":[{"embeddable":true,"href":"https:\/\/www.biodanzabai.com\/eu\/wp-json\/wp\/v2\/users\/4"}],"replies":[{"embeddable":true,"href":"https:\/\/www.biodanzabai.com\/eu\/wp-json\/wp\/v2\/comments?post=456"}],"version-history":[{"count":5,"href":"https:\/\/www.biodanzabai.com\/eu\/wp-json\/wp\/v2\/pages\/456\/revisions"}],"predecessor-version":[{"id":467,"href":"https:\/\/www.biodanzabai.com\/eu\/wp-json\/wp\/v2\/pages\/456\/revisions\/467"}],"wp:attachment":[{"href":"https:\/\/www.biodanzabai.com\/eu\/wp-json\/wp\/v2\/media?parent=456"}],"curies":[{"name":"wp","href":"https:\/\/api.w.org\/{rel}","templated":true}]}}