{"id":490,"date":"2024-04-09T19:36:20","date_gmt":"2024-04-09T17:36:20","guid":{"rendered":"https:\/\/www.biodanzabai.com\/?page_id=490"},"modified":"2024-04-09T19:36:20","modified_gmt":"2024-04-09T17:36:20","slug":"masterclass-on-line-aportes-de-las-neurociencias-a-la-practica-de-biodanza","status":"publish","type":"page","link":"https:\/\/www.biodanzabai.com\/eu\/masterclass-on-line-aportes-de-las-neurociencias-a-la-practica-de-biodanza\/","title":{"rendered":"Masterclass on line Aportes de las neurociencias a la pr\u00e1ctica de Biodanza"},"content":{"rendered":"<div class=\"wpb-content-wrapper\"><div class=\"vc_row wpb_row vc_row-fluid\"><div class=\"wpb_column vc_column_container vc_col-sm-12\"><div class=\"vc_column-inner\"><div class=\"wpb_wrapper\">\n\t<div class=\"wpb_text_column wpb_content_element\" >\n\t\t<div class=\"wpb_wrapper\">\n\t\t\t<p style=\"text-align: center;\">Masterclass on line con<br \/>\nFernando Tucho.<br \/>\nDirector de la Escuela Hisp\u00e1nica (Madrid)<br \/>\n<strong>\u00abAportes de las neurociencias a la pr\u00e1ctica de Biodanza\u00bb<\/strong><\/p>\n<p style=\"text-align: center;\">Inscribete ya!!! Solicita ID Reuni\u00f3n<\/p>\n<p style=\"text-align: center;\"><a  class=\"btn float-btn  purple\" href=\"https:\/\/www.biodanzabai.com\/eu\/formulario-inscripcion-master-class-online\/\" target=\"_self\" ><span><i class=\"fa fa-star\"><\/i><\/span>Pulsa AQU\u00cd para Inscripci\u00f3n e Informaci\u00f3n<\/a><\/p>\n\n\t\t<\/div>\n\t<\/div>\n<\/div><\/div><\/div><\/div><div class=\"vc_row wpb_row vc_row-fluid\"><div class=\"wpb_column vc_column_container vc_col-sm-6\"><div class=\"vc_column-inner\"><div class=\"wpb_wrapper\">\n\t<div  class=\"wpb_single_image wpb_content_element vc_align_left wpb_content_element\">\n\t\t\n\t\t<figure class=\"wpb_wrapper vc_figure\">\n\t\t\t<div class=\"vc_single_image-wrapper   vc_box_border_grey\"><img loading=\"lazy\" decoding=\"async\" width=\"550\" height=\"550\" src=\"https:\/\/www.biodanzabai.com\/wp-content\/uploads\/2024\/04\/masterclass-fernando-tucho.jpg\" class=\"vc_single_image-img attachment-full\" alt=\"\" title=\"masterclass-fernando-tucho\" srcset=\"https:\/\/www.biodanzabai.com\/wp-content\/uploads\/2024\/04\/masterclass-fernando-tucho.jpg 550w, https:\/\/www.biodanzabai.com\/wp-content\/uploads\/2024\/04\/masterclass-fernando-tucho-150x150@2x.jpg 300w, https:\/\/www.biodanzabai.com\/wp-content\/uploads\/2024\/04\/masterclass-fernando-tucho-150x150.jpg 150w, https:\/\/www.biodanzabai.com\/wp-content\/uploads\/2024\/04\/masterclass-fernando-tucho-12x12.jpg 12w\" sizes=\"auto, (max-width: 550px) 100vw, 550px\" \/><\/div>\n\t\t<\/figure>\n\t<\/div>\n<\/div><\/div><\/div><div class=\"wpb_column vc_column_container vc_col-sm-6\"><div class=\"vc_column-inner\"><div class=\"wpb_wrapper\">\n\t<div class=\"wpb_text_column wpb_content_element\" >\n\t\t<div class=\"wpb_wrapper\">\n\t\t\t<p><strong>Jueves 2 de mayo<\/strong><br \/>\n<strong>18:30 hs<\/strong><br \/>\nConexi\u00f3n v\u00eda ZOOM (o de forma diferida para quien la solicite)<\/p>\n<p>Los avances de las Neurociencias nos est\u00e1n permitiendo alcanzar una mayor compresi\u00f3n de nuestro funcionamiento como seres humanos y, con ello, una mejor comprensi\u00f3n de los mecanismos de acci\u00f3n de la Biodanza, profundizando en muchos de los postulados intuidos por Rolando Toro. Es por ello que para Rolando este fue uno de sus principales temas de inter\u00e9s en sus \u00faltimos a\u00f1os y que quisiera que fuera un m\u00f3dulo obligatorio en la formaci\u00f3n de facilitadores\/as. En su parte m\u00e1s aplicada, estos avances nos traen importantes aportes para la pr\u00e1ctica diaria de los facilitadores y facilitadoras a fin de extraer un mayor potencial de las sesiones de Biodanza.<\/p>\n<p>Entre los contenidos que revisamos a la luz de las neurociencias estar\u00edan: profundizaci\u00f3n en la comprensi\u00f3n y pr\u00e1ctica del movimiento; mayor comprensi\u00f3n de los cambios que genera la Biodanza en nuestras vidas; el papel clave de las neuronas espejo; mayor comprensi\u00f3n de los efectos de la m\u00fasica y la danza,&#8230; En esta Masterclass nos acercaremos a algunos de estos contenidos<\/p>\n<p><strong>INSCRIPCIONES<\/strong>\u00a0por medio del formulario que encontrar\u00e1s en la web de la Asociaci\u00f3n:<\/p>\n<p><a href=\"https:\/\/www.biodanzabai.com\/eu\/\">www.biodanzabai.com<\/a><\/p>\n<p>Socias y socios de BiodantzaBaielkartea: Gratu\u00edto<\/p>\n<p><strong>No asociadas: 20\u20ac<\/strong>\u00a0el pago por transferencia bancaria al n\u00famero de cuenta: ES44 3035 0012 7501 2010 4729 siendo el titular de la cuenta la Asociaci\u00f3n Biodantza Bai elkartea.\u00a0<strong>Importante<\/strong>\u00a0enviar justificante a\u00a0<a href=\"mailto:biodantzabai@gmail.com\">biodantzabai@gmail.com<\/a><\/p>\n\n\t\t<\/div>\n\t<\/div>\n<\/div><\/div><\/div><\/div><div class=\"vc_row wpb_row vc_row-fluid\"><div class=\"wpb_column vc_column_container vc_col-sm-12\"><div class=\"vc_column-inner\"><div class=\"wpb_wrapper\">\n\t<div class=\"wpb_text_column wpb_content_element\" >\n\t\t<div class=\"wpb_wrapper\">\n\t\t\t<p>Una vez recibamos el pago te enviaremos ID de la Reuni\u00f3n a tu e-mail y tambi\u00e9n recibir\u00e1s otor correo (e-mail) de YouTube con el asunto: A private video wassharedwithyou, de la asociaci\u00f3n Biodantza Bai elkartea en donde podr\u00e1s acceder a la master class completa.<br \/>\nBiodantza Bai Elkartea, un punto de referencia en el campo asociativo del Pa\u00eds Vasco, creada por facilitadores y facilitadoras de biodanza sistema Rolando Toro motivados por el trabajo en red y difusi\u00f3n de la biodanza. Masterclass<\/p>\n\n\t\t<\/div>\n\t<\/div>\n<\/div><\/div><\/div><\/div>\n<\/div>","protected":false},"excerpt":{"rendered":"Masterclass on line con Fernando Tucho. Director de la Escuela Hisp\u00e1nica (Madrid) \"Aportes de las neurociencias a la pr\u00e1ctica de Biodanza\" Inscribete ya!!! Solicita ID Reuni\u00f3n Pulsa AQU\u00cd para Inscripci\u00f3n e Informaci\u00f3n Jueves 2 de mayo 18:30 hs Conexi\u00f3n v\u00eda ZOOM (o de forma diferida para quien la solicite) Los avances de las Neurociencias nos [...]","protected":false},"author":4,"featured_media":0,"parent":0,"menu_order":0,"comment_status":"closed","ping_status":"closed","template":"","meta":{"footnotes":""},"class_list":["post-490","page","type-page","status-publish","hentry"],"_links":{"self":[{"href":"https:\/\/www.biodanzabai.com\/eu\/wp-json\/wp\/v2\/pages\/490","targetHints":{"allow":["GET"]}}],"collection":[{"href":"https:\/\/www.biodanzabai.com\/eu\/wp-json\/wp\/v2\/pages"}],"about":[{"href":"https:\/\/www.biodanzabai.com\/eu\/wp-json\/wp\/v2\/types\/page"}],"author":[{"embeddable":true,"href":"https:\/\/www.biodanzabai.com\/eu\/wp-json\/wp\/v2\/users\/4"}],"replies":[{"embeddable":true,"href":"https:\/\/www.biodanzabai.com\/eu\/wp-json\/wp\/v2\/comments?post=490"}],"version-history":[{"count":1,"href":"https:\/\/www.biodanzabai.com\/eu\/wp-json\/wp\/v2\/pages\/490\/revisions"}],"predecessor-version":[{"id":492,"href":"https:\/\/www.biodanzabai.com\/eu\/wp-json\/wp\/v2\/pages\/490\/revisions\/492"}],"wp:attachment":[{"href":"https:\/\/www.biodanzabai.com\/eu\/wp-json\/wp\/v2\/media?parent=490"}],"curies":[{"name":"wp","href":"https:\/\/api.w.org\/{rel}","templated":true}]}}