{"id":559,"date":"2025-03-03T11:00:07","date_gmt":"2025-03-03T10:00:07","guid":{"rendered":"https:\/\/www.biodanzabai.com\/?page_id=559"},"modified":"2025-06-12T12:23:52","modified_gmt":"2025-06-12T10:23:52","slug":"historial-master-class","status":"publish","type":"page","link":"https:\/\/www.biodanzabai.com\/eu\/historial-master-class\/","title":{"rendered":"BiodanzaBai: Historial Master Class"},"content":{"rendered":"<h3>El acceso es para socias y socios (abriendo desde tu cuenta de gmail) desde el a\u00f1o que te has dado de alta.<\/h3>\n<p>&nbsp;<\/p>\n<h3><span style=\"color: #800080;\">2022<\/span><\/h3>\n<p><strong>&#8211; Masterclass Acci\u00f3n Social con Claudia Altamirano 2022 Pa\u00eds Vasco: <\/strong><a href=\"https:\/\/youtu.be\/mMFrKNL0Rlc\" target=\"_blank\" rel=\"noopener\">https:\/\/youtu.be\/mMFrKNL0Rlc<\/a><\/p>\n<div class=\"row\"><div class=\"col-md-12\"><div class=\"alterna-space  alterna-line solid\"><\/div><\/div><\/div>\n<h3><span style=\"color: #800080;\">2023<\/span><\/h3>\n<p><strong>&#8211; Tuco NogalesMaster Class Completa 2023: <\/strong><a href=\"https:\/\/youtu.be\/1MBEd4JPpZo\" target=\"_blank\" rel=\"noopener\">https:\/\/youtu.be\/1MBEd4JPpZo<\/a><\/p>\n<p><strong>&#8211; Master class competa Mayo (2023) con Helene Lev\u00edLA INDUCCI\u00d3N DE ESTADOS DE CONCIENCIA MODIFICADOS POR MEDIO DE LA VIVENCIA: <\/strong><a href=\"https:\/\/youtu.be\/MaN7kkF0CVA\" target=\"_blank\" rel=\"noopener\">https:\/\/youtu.be\/MaN7kkF0CVA<\/a><\/p>\n<p><strong>&#8211; Masterclass Completa con Ruth Cavalcante, Formaci\u00f3n en Educaci\u00f3n Bioc\u00e9ntrica (2023): <\/strong><a href=\"https:\/\/youtu.be\/NWidrLs80nM\" target=\"_blank\" rel=\"noopener\">https:\/\/youtu.be\/NWidrLs80nM<\/a><\/p>\n<div class=\"row\"><div class=\"col-md-12\"><div class=\"alterna-space  alterna-line solid\"><\/div><\/div><\/div>\n<h3><span style=\"color: #800080;\">2024<\/span><\/h3>\n<p><strong>&#8211; Masterclass Completa NEUROCIENCIAS Y BIODANZA con Fernando Tucho Mayo 2024:<\/strong> <a href=\"https:\/\/youtu.be\/idY1gpgvLzU\" target=\"_blank\" rel=\"noopener\">https:\/\/youtu.be\/idY1gpgvLzU<\/a><\/p>\n<p><strong>&#8211; Masterclass completa \u00abValores Bioc\u00e9ntricos y Fundamentos \u00c9ticos en el rol del facilitador\/ra con Alicia Francisca (Directora de la Escuela <\/strong><strong>Rosario Norte (Argentina) y miembro de la Comisi\u00f3n de \u00c9tica y Deontolog\u00eda IBFed) (2024): <\/strong><a href=\"https:\/\/youtu.be\/zd3GdPKnVUw\" target=\"_blank\" rel=\"noopener\">https:\/\/youtu.be\/zd3GdPKnVUw<\/a><\/p>\n<p><strong>&#8211; Masterclass El desarrollo trascendente, consciencia y humanidad con Sanclair Lemos y Mar\u00eda Adela Cremona. (2024): <\/strong><a href=\"https:\/\/classroom.google.com\/c\/Njg1MDUyMDY5MTI2?cjc=upmmdoc\" target=\"_blank\" rel=\"noopener\">https:\/\/classroom.google.com\/c\/Njg1MDUyMDY5MTI2?cjc=upmmdoc<\/a><\/p>\n<p><strong>&#8211; La visi\u00f3n Transdisciplinar de la Biodanza con Fernanda Moritxe\u00a0 (2024):<\/strong><a href=\"https:\/\/drive.google.com\/file\/d\/1UDU1EdFeqAcUdBRWLG5T3Npt1PWbkgT0\/view\" target=\"_blank\" rel=\"noopener\"> https:\/\/drive.google.com\/file\/d\/1UDU1EdFeqAcUdBRWLG5T3Npt1PWbkgT0\/view<\/a><\/p>\n<p><strong>&#8211; Ra\u00fal Terr\u00e9n, una nueva espiritualidad, 9 de Noviembre \u00a02024:<\/strong> <a href=\"https:\/\/drive.google.com\/file\/d\/1lT5gS_0_Zt-bEyN3zrxQhmo9A-i9iWHR\/view\" target=\"_blank\" rel=\"noopener\">https:\/\/drive.google.com\/file\/d\/1lT5gS_0_Zt-bEyN3zrxQhmo9A-i9iWHR\/view<\/a><\/p>\n<div class=\"row\"><div class=\"col-md-12\"><div class=\"alterna-space  alterna-line solid\"><\/div><\/div><\/div>\n<h3><span style=\"color: #800080;\">2025<\/span><\/h3>\n<p><strong>&#8211; Myrthes Gonzal\u00e9z y Maria Adela Cremona, S\u00e1bado 7 de Marzo 2025 Para conversar sobre el patriarcado y Biodanza:<\/strong> <a href=\"https:\/\/youtu.be\/pd3AVbKsHWA\" target=\"_blank\" rel=\"noopener\">https:\/\/youtu.be\/pd3AVbKsHWA<\/a><\/p>\n<p><strong>&#8211; Master Class S\u00e1bado 10 de mayo 2025 con Paulo Botelho MEDICINA BIODANZA y TERORIA POLIVAGAL 1:<\/strong><a href=\"https:\/\/youtu.be\/9g0hF7sQcW0\" target=\"_blank\" rel=\"noopener\"> https:\/\/youtu.be\/9g0hF7sQcW0<\/a><strong><br \/>\n<\/strong><\/p>","protected":false},"excerpt":{"rendered":"<p>El acceso es para socias y socios (abriendo desde tu cuenta de gmail) desde el a\u00f1o que te has dado de alta. &nbsp; 2022 &#8211; Masterclass Acci\u00f3n Social con Claudia Altamirano 2022 Pa\u00eds Vasco: https:\/\/youtu.be\/mMFrKNL0Rlc 2023 &#8211; Tuco NogalesMaster Class Completa 2023: https:\/\/youtu.be\/1MBEd4JPpZo &#8211; Master class competa Mayo (2023) con Helene Lev\u00edLA INDUCCI\u00d3N DE ESTADOS [&hellip;]<\/p>\n","protected":false},"author":4,"featured_media":0,"parent":0,"menu_order":0,"comment_status":"closed","ping_status":"closed","template":"","meta":{"footnotes":""},"class_list":["post-559","page","type-page","status-publish","hentry"],"_links":{"self":[{"href":"https:\/\/www.biodanzabai.com\/eu\/wp-json\/wp\/v2\/pages\/559","targetHints":{"allow":["GET"]}}],"collection":[{"href":"https:\/\/www.biodanzabai.com\/eu\/wp-json\/wp\/v2\/pages"}],"about":[{"href":"https:\/\/www.biodanzabai.com\/eu\/wp-json\/wp\/v2\/types\/page"}],"author":[{"embeddable":true,"href":"https:\/\/www.biodanzabai.com\/eu\/wp-json\/wp\/v2\/users\/4"}],"replies":[{"embeddable":true,"href":"https:\/\/www.biodanzabai.com\/eu\/wp-json\/wp\/v2\/comments?post=559"}],"version-history":[{"count":19,"href":"https:\/\/www.biodanzabai.com\/eu\/wp-json\/wp\/v2\/pages\/559\/revisions"}],"predecessor-version":[{"id":593,"href":"https:\/\/www.biodanzabai.com\/eu\/wp-json\/wp\/v2\/pages\/559\/revisions\/593"}],"wp:attachment":[{"href":"https:\/\/www.biodanzabai.com\/eu\/wp-json\/wp\/v2\/media?parent=559"}],"curies":[{"name":"wp","href":"https:\/\/api.w.org\/{rel}","templated":true}]}}